{"id":326,"date":"2012-06-26T21:49:17","date_gmt":"2012-06-26T21:49:17","guid":{"rendered":"http:\/\/www.pendopharm-gi.com\/?page_id=326"},"modified":"2024-03-27T10:27:44","modified_gmt":"2024-03-27T14:27:44","slug":"contact","status":"publish","type":"page","link":"https:\/\/pendopharm-gi.com\/fr\/contact\/","title":{"rendered":"Contact"},"content":{"rendered":"\t\t<div data-elementor-type=\"wp-post\" data-elementor-id=\"326\" class=\"elementor elementor-326 elementor-18\">\n\t\t\t\t\t\t<section class=\"elementor-section elementor-top-section elementor-element elementor-element-488f809 elementor-section-boxed elementor-section-height-default elementor-section-height-default\" data-id=\"488f809\" data-element_type=\"section\" data-e-type=\"section\">\n\t\t\t\t\t\t<div class=\"elementor-container elementor-column-gap-default\">\n\t\t\t\t\t<div class=\"elementor-column elementor-col-100 elementor-top-column elementor-element elementor-element-a12c1dd\" data-id=\"a12c1dd\" data-element_type=\"column\" data-e-type=\"column\">\n\t\t\t<div class=\"elementor-widget-wrap elementor-element-populated\">\n\t\t\t\t\t\t<div class=\"elementor-element elementor-element-7a4c83cc elementor-widget elementor-widget-text-editor\" data-id=\"7a4c83cc\" data-element_type=\"widget\" data-e-type=\"widget\" data-widget_type=\"text-editor.default\">\n\t\t\t\t<div class=\"elementor-widget-container\">\n\t\t\t\t\t\t\t\t\t<p>Si vous avez des questions additionnelles sur nos produits, ou si vous souhaitez obtenir des renseignements suppl\u00e9mentaires sur notre soci\u00e9t\u00e9 ou ce site Web, n\u2019h\u00e9sitez surtout pas \u00e0 nous contacter.<\/p>\n<h2>Service \u00e0 la client\u00e8le<\/h2>\n<p>Commandes : (514) 340-7677<br>Sans frais : 1-866-926-7653<br>Courriel : <a href=\"mailto:custservice@pendopharm.com\">custservice@pendopharm.com<\/a><\/p>\n<h2>Services d\u2019information m\u00e9dicale et scientifique<\/h2>\n<p>Sans frais : 1-888-550-6060<br>Courriel : <a href=\"mailto:medinfo@pendopharm.com\">medinfo@pendopharm.com<\/a><\/p>\n<h2>&nbsp;<\/h2>\n<h2 style=\"box-sizing: border-box; margin: 0px; padding: 0px; outline: 0px; font-weight: 600; font-family: Muli, sans-serif; color: #3c424f; text-rendering: optimizeLegibility; font-size: 2.5rem; line-height: 3rem; word-wrap: break-word;\">Contactez-nous<\/h2>\n<table style=\"width: 1120px; color: #7a7a7a; font-family: Roboto, sans-serif; font-weight: 400;\">\n<tbody>\n<tr>\n<th>&nbsp;<\/th>\n<\/tr>\n<tr>\n<td>6111 Royalmount<\/td>\n<\/tr>\n<tr>\n<td>Montr\u00e9al, Qu\u00e9bec H4P 2T4<\/td>\n<\/tr>\n<tr>\n<td>Canada<\/td>\n<\/tr>\n<\/tbody>\n<\/table>\t\t\t\t\t\t\t\t<\/div>\n\t\t\t\t<\/div>\n\t\t\t\t\t<\/div>\n\t\t<\/div>\n\t\t\t\t\t<\/div>\n\t\t<\/section>\n\t\t\t\t<section class=\"elementor-section elementor-top-section elementor-element elementor-element-2daf0a3 elementor-section-boxed elementor-section-height-default elementor-section-height-default\" data-id=\"2daf0a3\" data-element_type=\"section\" data-e-type=\"section\">\n\t\t\t\t\t\t<div class=\"elementor-container elementor-column-gap-default\">\n\t\t\t\t\t<div class=\"elementor-column elementor-col-100 elementor-top-column elementor-element elementor-element-e447cd7\" data-id=\"e447cd7\" data-element_type=\"column\" data-e-type=\"column\">\n\t\t\t<div class=\"elementor-widget-wrap\">\n\t\t\t\t\t\t\t<\/div>\n\t\t<\/div>\n\t\t\t\t\t<\/div>\n\t\t<\/section>\n\t\t\t\t<section class=\"elementor-section elementor-top-section elementor-element elementor-element-ef4cdb1 elementor-section-boxed elementor-section-height-default elementor-section-height-default\" data-id=\"ef4cdb1\" data-element_type=\"section\" data-e-type=\"section\">\n\t\t\t\t\t\t<div class=\"elementor-container elementor-column-gap-default\">\n\t\t\t\t\t<div class=\"elementor-column elementor-col-100 elementor-top-column elementor-element elementor-element-520e8ce\" data-id=\"520e8ce\" data-element_type=\"column\" data-e-type=\"column\">\n\t\t\t<div class=\"elementor-widget-wrap elementor-element-populated\">\n\t\t\t\t\t\t<div class=\"elementor-element elementor-element-efd483b elementor-widget elementor-widget-image\" data-id=\"efd483b\" data-element_type=\"widget\" data-e-type=\"widget\" data-widget_type=\"image.default\">\n\t\t\t\t<div class=\"elementor-widget-container\">\n\t\t\t\t\t\t\t\t\t\t\t\t\t\t\t\t<a href=\"https:\/\/maps.app.goo.gl\/F8aiYiedYhNpyMno6\" target=\"_blank\">\n\t\t\t\t\t\t\t<img fetchpriority=\"high\" decoding=\"async\" width=\"2971\" height=\"1404\" src=\"https:\/\/pendopharm-gi.com\/wp-content\/uploads\/2024\/03\/pharmascience-carte-3.png\" class=\"attachment-full size-full wp-image-1964\" alt=\"\" srcset=\"https:\/\/pendopharm-gi.com\/wp-content\/uploads\/2024\/03\/pharmascience-carte-3.png 2971w, https:\/\/pendopharm-gi.com\/wp-content\/uploads\/2024\/03\/pharmascience-carte-3-300x142.png 300w, https:\/\/pendopharm-gi.com\/wp-content\/uploads\/2024\/03\/pharmascience-carte-3-1024x484.png 1024w, https:\/\/pendopharm-gi.com\/wp-content\/uploads\/2024\/03\/pharmascience-carte-3-768x363.png 768w, https:\/\/pendopharm-gi.com\/wp-content\/uploads\/2024\/03\/pharmascience-carte-3-1536x726.png 1536w, https:\/\/pendopharm-gi.com\/wp-content\/uploads\/2024\/03\/pharmascience-carte-3-2048x968.png 2048w, https:\/\/pendopharm-gi.com\/wp-content\/uploads\/2024\/03\/pharmascience-carte-3-1920x907.png 1920w\" sizes=\"(max-width: 2971px) 100vw, 2971px\" \/>\t\t\t\t\t\t\t\t<\/a>\n\t\t\t\t\t\t\t\t\t\t\t\t\t\t\t<\/div>\n\t\t\t\t<\/div>\n\t\t\t\t\t<\/div>\n\t\t<\/div>\n\t\t\t\t\t<\/div>\n\t\t<\/section>\n\t\t\t\t<\/div>\n\t\t","protected":false},"excerpt":{"rendered":"<p>Si vous avez des questions additionnelles sur nos produits, ou si vous souhaitez obtenir des renseignements suppl\u00e9mentaires sur notre soci\u00e9t\u00e9 ou ce site Web, n\u2019h\u00e9sitez surtout pas \u00e0 nous contacter. Service \u00e0 la client\u00e8le Commandes : (514) 340-7677Sans frais : 1-866-926-7653Courriel : custservice@pendopharm.com Services d\u2019information m\u00e9dicale et scientifique Sans frais : 1-888-550-6060Courriel : medinfo@pendopharm.com &nbsp;&hellip; <br \/> <a class=\"read-more\" href=\"https:\/\/pendopharm-gi.com\/fr\/contact\/\">Lire la suite<\/a><\/p>\n","protected":false},"author":10,"featured_media":0,"parent":0,"menu_order":0,"comment_status":"closed","ping_status":"closed","template":"","meta":{"footnotes":""},"class_list":["post-326","page","type-page","status-publish","hentry"],"yoast_head":"<!-- This site is optimized with the Yoast SEO plugin v26.9 - https:\/\/yoast.com\/product\/yoast-seo-wordpress\/ -->\n<title>Contact - Pendopharm G.I. Solutions<\/title>\n<meta name=\"robots\" content=\"index, follow, max-snippet:-1, max-image-preview:large, max-video-preview:-1\" \/>\n<link rel=\"canonical\" href=\"https:\/\/pendopharm-gi.com\/fr\/contact\/\" \/>\n<meta property=\"og:locale\" content=\"fr_FR\" \/>\n<meta property=\"og:type\" content=\"article\" \/>\n<meta property=\"og:title\" content=\"Contact - Pendopharm G.I. Solutions\" \/>\n<meta property=\"og:description\" content=\"Si vous avez des questions additionnelles sur nos produits, ou si vous souhaitez obtenir des renseignements suppl\u00e9mentaires sur notre soci\u00e9t\u00e9 ou ce site Web, n\u2019h\u00e9sitez surtout pas \u00e0 nous contacter. Service \u00e0 la client\u00e8le Commandes : (514) 340-7677Sans frais : 1-866-926-7653Courriel : custservice@pendopharm.com Services d\u2019information m\u00e9dicale et scientifique Sans frais : 1-888-550-6060Courriel : medinfo@pendopharm.com &nbsp;&hellip; Lire la suite\" \/>\n<meta property=\"og:url\" content=\"https:\/\/pendopharm-gi.com\/fr\/contact\/\" \/>\n<meta property=\"og:site_name\" content=\"Pendopharm G.I. Solutions\" \/>\n<meta property=\"article:modified_time\" content=\"2024-03-27T14:27:44+00:00\" \/>\n<meta property=\"og:image\" content=\"https:\/\/pendopharm-gi.com\/wp-content\/uploads\/2024\/03\/pharmascience-carte-3.png\" \/>\n<meta name=\"twitter:label1\" content=\"Dur\u00e9e de lecture estim\u00e9e\" \/>\n\t<meta name=\"twitter:data1\" content=\"1 minute\" \/>\n<script type=\"application\/ld+json\" class=\"yoast-schema-graph\">{\"@context\":\"https:\/\/schema.org\",\"@graph\":[{\"@type\":\"WebPage\",\"@id\":\"https:\/\/pendopharm-gi.com\/fr\/contact\/\",\"url\":\"https:\/\/pendopharm-gi.com\/fr\/contact\/\",\"name\":\"Contact - Pendopharm G.I. Solutions\",\"isPartOf\":{\"@id\":\"https:\/\/pendopharm-gi.com\/fr\/#website\"},\"primaryImageOfPage\":{\"@id\":\"https:\/\/pendopharm-gi.com\/fr\/contact\/#primaryimage\"},\"image\":{\"@id\":\"https:\/\/pendopharm-gi.com\/fr\/contact\/#primaryimage\"},\"thumbnailUrl\":\"https:\/\/pendopharm-gi.com\/wp-content\/uploads\/2024\/03\/pharmascience-carte-3.png\",\"datePublished\":\"2012-06-26T21:49:17+00:00\",\"dateModified\":\"2024-03-27T14:27:44+00:00\",\"breadcrumb\":{\"@id\":\"https:\/\/pendopharm-gi.com\/fr\/contact\/#breadcrumb\"},\"inLanguage\":\"fr-FR\",\"potentialAction\":[{\"@type\":\"ReadAction\",\"target\":[\"https:\/\/pendopharm-gi.com\/fr\/contact\/\"]}]},{\"@type\":\"ImageObject\",\"inLanguage\":\"fr-FR\",\"@id\":\"https:\/\/pendopharm-gi.com\/fr\/contact\/#primaryimage\",\"url\":\"https:\/\/pendopharm-gi.com\/wp-content\/uploads\/2024\/03\/pharmascience-carte-3.png\",\"contentUrl\":\"https:\/\/pendopharm-gi.com\/wp-content\/uploads\/2024\/03\/pharmascience-carte-3.png\"},{\"@type\":\"BreadcrumbList\",\"@id\":\"https:\/\/pendopharm-gi.com\/fr\/contact\/#breadcrumb\",\"itemListElement\":[{\"@type\":\"ListItem\",\"position\":1,\"name\":\"Home\",\"item\":\"https:\/\/pendopharm-gi.com\/fr\/\"},{\"@type\":\"ListItem\",\"position\":2,\"name\":\"Contact\"}]},{\"@type\":\"WebSite\",\"@id\":\"https:\/\/pendopharm-gi.com\/fr\/#website\",\"url\":\"https:\/\/pendopharm-gi.com\/fr\/\",\"name\":\"Pendopharm G.I. Solutions\",\"description\":\"\",\"publisher\":{\"@id\":\"https:\/\/pendopharm-gi.com\/fr\/#organization\"},\"potentialAction\":[{\"@type\":\"SearchAction\",\"target\":{\"@type\":\"EntryPoint\",\"urlTemplate\":\"https:\/\/pendopharm-gi.com\/fr\/?s={search_term_string}\"},\"query-input\":{\"@type\":\"PropertyValueSpecification\",\"valueRequired\":true,\"valueName\":\"search_term_string\"}}],\"inLanguage\":\"fr-FR\"},{\"@type\":\"Organization\",\"@id\":\"https:\/\/pendopharm-gi.com\/fr\/#organization\",\"name\":\"Pendopharm G.I. Solutions\",\"url\":\"https:\/\/pendopharm-gi.com\/fr\/\",\"logo\":{\"@type\":\"ImageObject\",\"inLanguage\":\"fr-FR\",\"@id\":\"https:\/\/pendopharm-gi.com\/fr\/#\/schema\/logo\/image\/\",\"url\":\"https:\/\/pendopharm-gi.com\/wp-content\/uploads\/2018\/07\/Logo-header-other.png\",\"contentUrl\":\"https:\/\/pendopharm-gi.com\/wp-content\/uploads\/2018\/07\/Logo-header-other.png\",\"width\":210,\"height\":50,\"caption\":\"Pendopharm G.I. Solutions\"},\"image\":{\"@id\":\"https:\/\/pendopharm-gi.com\/fr\/#\/schema\/logo\/image\/\"}}]}<\/script>\n<!-- \/ Yoast SEO plugin. -->","yoast_head_json":{"title":"Contact - Pendopharm G.I. Solutions","robots":{"index":"index","follow":"follow","max-snippet":"max-snippet:-1","max-image-preview":"max-image-preview:large","max-video-preview":"max-video-preview:-1"},"canonical":"https:\/\/pendopharm-gi.com\/fr\/contact\/","og_locale":"fr_FR","og_type":"article","og_title":"Contact - Pendopharm G.I. Solutions","og_description":"Si vous avez des questions additionnelles sur nos produits, ou si vous souhaitez obtenir des renseignements suppl\u00e9mentaires sur notre soci\u00e9t\u00e9 ou ce site Web, n\u2019h\u00e9sitez surtout pas \u00e0 nous contacter. Service \u00e0 la client\u00e8le Commandes : (514) 340-7677Sans frais : 1-866-926-7653Courriel : custservice@pendopharm.com Services d\u2019information m\u00e9dicale et scientifique Sans frais : 1-888-550-6060Courriel : medinfo@pendopharm.com &nbsp;&hellip; Lire la suite","og_url":"https:\/\/pendopharm-gi.com\/fr\/contact\/","og_site_name":"Pendopharm G.I. Solutions","article_modified_time":"2024-03-27T14:27:44+00:00","og_image":[{"url":"https:\/\/pendopharm-gi.com\/wp-content\/uploads\/2024\/03\/pharmascience-carte-3.png","type":"","width":"","height":""}],"twitter_misc":{"Dur\u00e9e de lecture estim\u00e9e":"1 minute"},"schema":{"@context":"https:\/\/schema.org","@graph":[{"@type":"WebPage","@id":"https:\/\/pendopharm-gi.com\/fr\/contact\/","url":"https:\/\/pendopharm-gi.com\/fr\/contact\/","name":"Contact - Pendopharm G.I. Solutions","isPartOf":{"@id":"https:\/\/pendopharm-gi.com\/fr\/#website"},"primaryImageOfPage":{"@id":"https:\/\/pendopharm-gi.com\/fr\/contact\/#primaryimage"},"image":{"@id":"https:\/\/pendopharm-gi.com\/fr\/contact\/#primaryimage"},"thumbnailUrl":"https:\/\/pendopharm-gi.com\/wp-content\/uploads\/2024\/03\/pharmascience-carte-3.png","datePublished":"2012-06-26T21:49:17+00:00","dateModified":"2024-03-27T14:27:44+00:00","breadcrumb":{"@id":"https:\/\/pendopharm-gi.com\/fr\/contact\/#breadcrumb"},"inLanguage":"fr-FR","potentialAction":[{"@type":"ReadAction","target":["https:\/\/pendopharm-gi.com\/fr\/contact\/"]}]},{"@type":"ImageObject","inLanguage":"fr-FR","@id":"https:\/\/pendopharm-gi.com\/fr\/contact\/#primaryimage","url":"https:\/\/pendopharm-gi.com\/wp-content\/uploads\/2024\/03\/pharmascience-carte-3.png","contentUrl":"https:\/\/pendopharm-gi.com\/wp-content\/uploads\/2024\/03\/pharmascience-carte-3.png"},{"@type":"BreadcrumbList","@id":"https:\/\/pendopharm-gi.com\/fr\/contact\/#breadcrumb","itemListElement":[{"@type":"ListItem","position":1,"name":"Home","item":"https:\/\/pendopharm-gi.com\/fr\/"},{"@type":"ListItem","position":2,"name":"Contact"}]},{"@type":"WebSite","@id":"https:\/\/pendopharm-gi.com\/fr\/#website","url":"https:\/\/pendopharm-gi.com\/fr\/","name":"Pendopharm G.I. Solutions","description":"","publisher":{"@id":"https:\/\/pendopharm-gi.com\/fr\/#organization"},"potentialAction":[{"@type":"SearchAction","target":{"@type":"EntryPoint","urlTemplate":"https:\/\/pendopharm-gi.com\/fr\/?s={search_term_string}"},"query-input":{"@type":"PropertyValueSpecification","valueRequired":true,"valueName":"search_term_string"}}],"inLanguage":"fr-FR"},{"@type":"Organization","@id":"https:\/\/pendopharm-gi.com\/fr\/#organization","name":"Pendopharm G.I. Solutions","url":"https:\/\/pendopharm-gi.com\/fr\/","logo":{"@type":"ImageObject","inLanguage":"fr-FR","@id":"https:\/\/pendopharm-gi.com\/fr\/#\/schema\/logo\/image\/","url":"https:\/\/pendopharm-gi.com\/wp-content\/uploads\/2018\/07\/Logo-header-other.png","contentUrl":"https:\/\/pendopharm-gi.com\/wp-content\/uploads\/2018\/07\/Logo-header-other.png","width":210,"height":50,"caption":"Pendopharm G.I. Solutions"},"image":{"@id":"https:\/\/pendopharm-gi.com\/fr\/#\/schema\/logo\/image\/"}}]}},"jetpack_sharing_enabled":true,"_links":{"self":[{"href":"https:\/\/pendopharm-gi.com\/fr\/wp-json\/wp\/v2\/pages\/326","targetHints":{"allow":["GET"]}}],"collection":[{"href":"https:\/\/pendopharm-gi.com\/fr\/wp-json\/wp\/v2\/pages"}],"about":[{"href":"https:\/\/pendopharm-gi.com\/fr\/wp-json\/wp\/v2\/types\/page"}],"author":[{"embeddable":true,"href":"https:\/\/pendopharm-gi.com\/fr\/wp-json\/wp\/v2\/users\/10"}],"replies":[{"embeddable":true,"href":"https:\/\/pendopharm-gi.com\/fr\/wp-json\/wp\/v2\/comments?post=326"}],"version-history":[{"count":43,"href":"https:\/\/pendopharm-gi.com\/fr\/wp-json\/wp\/v2\/pages\/326\/revisions"}],"predecessor-version":[{"id":1970,"href":"https:\/\/pendopharm-gi.com\/fr\/wp-json\/wp\/v2\/pages\/326\/revisions\/1970"}],"wp:attachment":[{"href":"https:\/\/pendopharm-gi.com\/fr\/wp-json\/wp\/v2\/media?parent=326"}],"curies":[{"name":"wp","href":"https:\/\/api.w.org\/{rel}","templated":true}]}}