{"id":322,"date":"2012-06-26T21:48:42","date_gmt":"2012-06-26T21:48:42","guid":{"rendered":"http:\/\/www.pendopharm-gi.com\/?page_id=322"},"modified":"2018-08-29T13:44:35","modified_gmt":"2018-08-29T17:44:35","slug":"solutions","status":"publish","type":"page","link":"https:\/\/pendopharm-gi.com\/fr\/solutions\/","title":{"rendered":"Solutions"},"content":{"rendered":"\t\t<div data-elementor-type=\"wp-post\" data-elementor-id=\"322\" class=\"elementor elementor-322 elementor-112 elementor-bc-flex-widget\">\n\t\t\t\t\t\t<section class=\"elementor-section elementor-top-section elementor-element elementor-element-03fa97b elementor-section-boxed elementor-section-height-default elementor-section-height-default\" data-id=\"03fa97b\" data-element_type=\"section\" data-e-type=\"section\">\n\t\t\t\t\t\t<div class=\"elementor-container elementor-column-gap-default\">\n\t\t\t\t\t<div class=\"elementor-column elementor-col-33 elementor-top-column elementor-element elementor-element-e280be0\" data-id=\"e280be0\" data-element_type=\"column\" data-e-type=\"column\">\n\t\t\t<div class=\"elementor-widget-wrap elementor-element-populated\">\n\t\t\t\t\t\t<div class=\"elementor-element elementor-element-d524c9f elementor-widget elementor-widget-image\" data-id=\"d524c9f\" data-element_type=\"widget\" data-e-type=\"widget\" data-widget_type=\"image.default\">\n\t\t\t\t<div class=\"elementor-widget-container\">\n\t\t\t\t\t\t\t\t\t\t\t\t\t\t\t<img decoding=\"async\" width=\"275\" height=\"145\" src=\"https:\/\/pendopharm-gi.com\/wp-content\/uploads\/2012\/07\/Bi-peg-thumb-en.png\" class=\"attachment-full size-full wp-image-1508\" alt=\"\" \/>\t\t\t\t\t\t\t\t\t\t\t\t\t\t\t<\/div>\n\t\t\t\t<\/div>\n\t\t\t\t<div class=\"elementor-element elementor-element-c4a8a8e elementor-widget elementor-widget-heading\" data-id=\"c4a8a8e\" data-element_type=\"widget\" data-e-type=\"widget\" data-widget_type=\"heading.default\">\n\t\t\t\t<div class=\"elementor-widget-container\">\n\t\t\t\t\t<h5 class=\"elementor-heading-title elementor-size-medium\">Bi-PegLyte<sup>MD<\/sup><\/h5>\t\t\t\t<\/div>\n\t\t\t\t<\/div>\n\t\t\t\t<div class=\"elementor-element elementor-element-d28fee3 elementor-widget elementor-widget-text-editor\" data-id=\"d28fee3\" data-element_type=\"widget\" data-e-type=\"widget\" data-widget_type=\"text-editor.default\">\n\t\t\t\t<div class=\"elementor-widget-container\">\n\t\t\t\t\t\t\t\t\t<p>La trousse de pr\u00e9paration intestinale Bi-PegLyte (PEG\u00a03350 et \u00e9lectrolytes pour solution orale et comprim\u00e9s de bisacodyl \u00e0 lib\u00e9ration retard\u00e9e).<\/p>\t\t\t\t\t\t\t\t<\/div>\n\t\t\t\t<\/div>\n\t\t\t\t<div class=\"elementor-element elementor-element-6b343ab elementor-align-left elementor-widget elementor-widget-button\" data-id=\"6b343ab\" data-element_type=\"widget\" data-e-type=\"widget\" data-widget_type=\"button.default\">\n\t\t\t\t<div class=\"elementor-widget-container\">\n\t\t\t\t\t\t\t\t\t<div class=\"elementor-button-wrapper\">\n\t\t\t\t\t<a class=\"elementor-button elementor-button-link elementor-size-sm\" href=\"http:\/\/pendopharm-gi.com\/fr\/information-produit\/\">\n\t\t\t\t\t\t<span class=\"elementor-button-content-wrapper\">\n\t\t\t\t\t\t\t\t\t<span class=\"elementor-button-text\">En savoir plus<\/span>\n\t\t\t\t\t<\/span>\n\t\t\t\t\t<\/a>\n\t\t\t\t<\/div>\n\t\t\t\t\t\t\t\t<\/div>\n\t\t\t\t<\/div>\n\t\t\t\t\t<\/div>\n\t\t<\/div>\n\t\t\t\t<div class=\"elementor-column elementor-col-33 elementor-top-column elementor-element elementor-element-8aeb53d\" data-id=\"8aeb53d\" data-element_type=\"column\" data-e-type=\"column\">\n\t\t\t<div class=\"elementor-widget-wrap elementor-element-populated\">\n\t\t\t\t\t\t<div class=\"elementor-element elementor-element-822f58b elementor-widget elementor-widget-image\" data-id=\"822f58b\" data-element_type=\"widget\" data-e-type=\"widget\" data-widget_type=\"image.default\">\n\t\t\t\t<div class=\"elementor-widget-container\">\n\t\t\t\t\t\t\t\t\t\t\t\t\t\t\t<img decoding=\"async\" width=\"275\" height=\"145\" src=\"https:\/\/pendopharm-gi.com\/wp-content\/uploads\/2012\/07\/Peg-li-thumb.png\" class=\"attachment-large size-large wp-image-1510\" alt=\"\" \/>\t\t\t\t\t\t\t\t\t\t\t\t\t\t\t<\/div>\n\t\t\t\t<\/div>\n\t\t\t\t<div class=\"elementor-element elementor-element-610f6f2 elementor-widget elementor-widget-heading\" data-id=\"610f6f2\" data-element_type=\"widget\" data-e-type=\"widget\" data-widget_type=\"heading.default\">\n\t\t\t\t<div class=\"elementor-widget-container\">\n\t\t\t\t\t<h5 class=\"elementor-heading-title elementor-size-medium\">PegLyte<sup>MD<\/sup><\/h5>\t\t\t\t<\/div>\n\t\t\t\t<\/div>\n\t\t\t\t<div class=\"elementor-element elementor-element-89ccada elementor-widget elementor-widget-text-editor\" data-id=\"89ccada\" data-element_type=\"widget\" data-e-type=\"widget\" data-widget_type=\"text-editor.default\">\n\t\t\t\t<div class=\"elementor-widget-container\">\n\t\t\t\t\t\t\t\t\t<p>PegLyte est offert en bouteille de 280\u00a0g ou en bo\u00eete de 4\u00a0sachets de 70\u00a0g de PEG\u00a03350 et \u00e9lectrolytes \u00e0 dissoudre dans 4\u00a0litres d\u2019eau<sup>1<\/sup>.<\/p>\t\t\t\t\t\t\t\t<\/div>\n\t\t\t\t<\/div>\n\t\t\t\t<div class=\"elementor-element elementor-element-1f1ed4d elementor-align-left elementor-widget elementor-widget-button\" data-id=\"1f1ed4d\" data-element_type=\"widget\" data-e-type=\"widget\" data-widget_type=\"button.default\">\n\t\t\t\t<div class=\"elementor-widget-container\">\n\t\t\t\t\t\t\t\t\t<div class=\"elementor-button-wrapper\">\n\t\t\t\t\t<a class=\"elementor-button elementor-button-link elementor-size-sm\" href=\"http:\/\/pendopharm-gi.com\/fr\/information-produit\/\">\n\t\t\t\t\t\t<span class=\"elementor-button-content-wrapper\">\n\t\t\t\t\t\t\t\t\t<span class=\"elementor-button-text\">En savoir plus<\/span>\n\t\t\t\t\t<\/span>\n\t\t\t\t\t<\/a>\n\t\t\t\t<\/div>\n\t\t\t\t\t\t\t\t<\/div>\n\t\t\t\t<\/div>\n\t\t\t\t\t<\/div>\n\t\t<\/div>\n\t\t\t\t<div class=\"elementor-column elementor-col-33 elementor-top-column elementor-element elementor-element-4314f4a\" data-id=\"4314f4a\" data-element_type=\"column\" data-e-type=\"column\">\n\t\t\t<div class=\"elementor-widget-wrap elementor-element-populated\">\n\t\t\t\t\t\t<div class=\"elementor-element elementor-element-b42522e elementor-widget elementor-widget-image\" data-id=\"b42522e\" data-element_type=\"widget\" data-e-type=\"widget\" data-widget_type=\"image.default\">\n\t\t\t\t<div class=\"elementor-widget-container\">\n\t\t\t\t\t\t\t\t\t\t\t\t\t\t\t<img decoding=\"async\" width=\"275\" height=\"145\" src=\"https:\/\/pendopharm-gi.com\/wp-content\/uploads\/2012\/07\/Co-li-thumb1.png\" class=\"attachment-large size-large wp-image-1509\" alt=\"\" \/>\t\t\t\t\t\t\t\t\t\t\t\t\t\t\t<\/div>\n\t\t\t\t<\/div>\n\t\t\t\t<div class=\"elementor-element elementor-element-e519906 elementor-widget elementor-widget-heading\" data-id=\"e519906\" data-element_type=\"widget\" data-e-type=\"widget\" data-widget_type=\"heading.default\">\n\t\t\t\t<div class=\"elementor-widget-container\">\n\t\t\t\t\t<h5 class=\"elementor-heading-title elementor-size-medium\">CoLyte<sup>MD<\/sup><\/h5>\t\t\t\t<\/div>\n\t\t\t\t<\/div>\n\t\t\t\t<div class=\"elementor-element elementor-element-cb7da55 elementor-widget elementor-widget-text-editor\" data-id=\"cb7da55\" data-element_type=\"widget\" data-e-type=\"widget\" data-widget_type=\"text-editor.default\">\n\t\t\t\t<div class=\"elementor-widget-container\">\n\t\t\t\t\t\t\t\t\t<p>CoLyte est offert en bouteille grand format contenant 278\u00a0g de poudre de PEG\u00a03350 et \u00e9lectrolytes \u00e0 dissoudre dans 4\u00a0litres d\u2019eau<sup>1<\/sup>.<\/p>\t\t\t\t\t\t\t\t<\/div>\n\t\t\t\t<\/div>\n\t\t\t\t<div class=\"elementor-element elementor-element-5f60daf elementor-align-left elementor-widget elementor-widget-button\" data-id=\"5f60daf\" data-element_type=\"widget\" data-e-type=\"widget\" data-widget_type=\"button.default\">\n\t\t\t\t<div class=\"elementor-widget-container\">\n\t\t\t\t\t\t\t\t\t<div class=\"elementor-button-wrapper\">\n\t\t\t\t\t<a class=\"elementor-button elementor-button-link elementor-size-sm\" href=\"http:\/\/pendopharm-gi.com\/fr\/information-produit\/\">\n\t\t\t\t\t\t<span class=\"elementor-button-content-wrapper\">\n\t\t\t\t\t\t\t\t\t<span class=\"elementor-button-text\">En savoir plus<\/span>\n\t\t\t\t\t<\/span>\n\t\t\t\t\t<\/a>\n\t\t\t\t<\/div>\n\t\t\t\t\t\t\t\t<\/div>\n\t\t\t\t<\/div>\n\t\t\t\t\t<\/div>\n\t\t<\/div>\n\t\t\t\t\t<\/div>\n\t\t<\/section>\n\t\t\t\t<\/div>\n\t\t","protected":false},"excerpt":{"rendered":"<p>Bi-PegLyteMD La trousse de pr\u00e9paration intestinale Bi-PegLyte (PEG\u00a03350 et \u00e9lectrolytes pour solution orale et comprim\u00e9s de bisacodyl \u00e0 lib\u00e9ration retard\u00e9e). En savoir plus PegLyteMD PegLyte est offert en bouteille de 280\u00a0g ou en bo\u00eete de 4\u00a0sachets de 70\u00a0g de PEG\u00a03350 et \u00e9lectrolytes \u00e0 dissoudre dans 4\u00a0litres d\u2019eau1. En savoir plus CoLyteMD CoLyte est offert en&hellip; <br \/> <a class=\"read-more\" href=\"https:\/\/pendopharm-gi.com\/fr\/solutions\/\">Lire la suite<\/a><\/p>\n","protected":false},"author":10,"featured_media":0,"parent":0,"menu_order":0,"comment_status":"closed","ping_status":"closed","template":"","meta":{"footnotes":""},"class_list":["post-322","page","type-page","status-publish","hentry"],"yoast_head":"<!-- This site is optimized with the Yoast SEO plugin v26.9 - https:\/\/yoast.com\/product\/yoast-seo-wordpress\/ -->\n<title>Solutions - Pendopharm G.I. Solutions<\/title>\n<meta name=\"robots\" content=\"index, follow, max-snippet:-1, max-image-preview:large, max-video-preview:-1\" \/>\n<link rel=\"canonical\" href=\"https:\/\/pendopharm-gi.com\/fr\/solutions\/\" \/>\n<meta property=\"og:locale\" content=\"fr_FR\" \/>\n<meta property=\"og:type\" content=\"article\" \/>\n<meta property=\"og:title\" content=\"Solutions - Pendopharm G.I. Solutions\" \/>\n<meta property=\"og:description\" content=\"Bi-PegLyteMD La trousse de pr\u00e9paration intestinale Bi-PegLyte (PEG\u00a03350 et \u00e9lectrolytes pour solution orale et comprim\u00e9s de bisacodyl \u00e0 lib\u00e9ration retard\u00e9e). En savoir plus PegLyteMD PegLyte est offert en bouteille de 280\u00a0g ou en bo\u00eete de 4\u00a0sachets de 70\u00a0g de PEG\u00a03350 et \u00e9lectrolytes \u00e0 dissoudre dans 4\u00a0litres d\u2019eau1. En savoir plus CoLyteMD CoLyte est offert en&hellip; Lire la suite\" \/>\n<meta property=\"og:url\" content=\"https:\/\/pendopharm-gi.com\/fr\/solutions\/\" \/>\n<meta property=\"og:site_name\" content=\"Pendopharm G.I. Solutions\" \/>\n<meta property=\"article:modified_time\" content=\"2018-08-29T17:44:35+00:00\" \/>\n<meta property=\"og:image\" content=\"http:\/\/pendopharm-gi.com\/wp-content\/uploads\/2012\/07\/Bi-peg-thumb-en.png\" \/>\n<script type=\"application\/ld+json\" class=\"yoast-schema-graph\">{\"@context\":\"https:\/\/schema.org\",\"@graph\":[{\"@type\":\"WebPage\",\"@id\":\"https:\/\/pendopharm-gi.com\/fr\/solutions\/\",\"url\":\"https:\/\/pendopharm-gi.com\/fr\/solutions\/\",\"name\":\"Solutions - Pendopharm G.I. Solutions\",\"isPartOf\":{\"@id\":\"https:\/\/pendopharm-gi.com\/fr\/#website\"},\"primaryImageOfPage\":{\"@id\":\"https:\/\/pendopharm-gi.com\/fr\/solutions\/#primaryimage\"},\"image\":{\"@id\":\"https:\/\/pendopharm-gi.com\/fr\/solutions\/#primaryimage\"},\"thumbnailUrl\":\"http:\/\/pendopharm-gi.com\/wp-content\/uploads\/2012\/07\/Bi-peg-thumb-en.png\",\"datePublished\":\"2012-06-26T21:48:42+00:00\",\"dateModified\":\"2018-08-29T17:44:35+00:00\",\"breadcrumb\":{\"@id\":\"https:\/\/pendopharm-gi.com\/fr\/solutions\/#breadcrumb\"},\"inLanguage\":\"fr-FR\",\"potentialAction\":[{\"@type\":\"ReadAction\",\"target\":[\"https:\/\/pendopharm-gi.com\/fr\/solutions\/\"]}]},{\"@type\":\"ImageObject\",\"inLanguage\":\"fr-FR\",\"@id\":\"https:\/\/pendopharm-gi.com\/fr\/solutions\/#primaryimage\",\"url\":\"http:\/\/pendopharm-gi.com\/wp-content\/uploads\/2012\/07\/Bi-peg-thumb-en.png\",\"contentUrl\":\"http:\/\/pendopharm-gi.com\/wp-content\/uploads\/2012\/07\/Bi-peg-thumb-en.png\"},{\"@type\":\"BreadcrumbList\",\"@id\":\"https:\/\/pendopharm-gi.com\/fr\/solutions\/#breadcrumb\",\"itemListElement\":[{\"@type\":\"ListItem\",\"position\":1,\"name\":\"Home\",\"item\":\"https:\/\/pendopharm-gi.com\/fr\/\"},{\"@type\":\"ListItem\",\"position\":2,\"name\":\"Solutions\"}]},{\"@type\":\"WebSite\",\"@id\":\"https:\/\/pendopharm-gi.com\/fr\/#website\",\"url\":\"https:\/\/pendopharm-gi.com\/fr\/\",\"name\":\"Pendopharm G.I. Solutions\",\"description\":\"\",\"publisher\":{\"@id\":\"https:\/\/pendopharm-gi.com\/fr\/#organization\"},\"potentialAction\":[{\"@type\":\"SearchAction\",\"target\":{\"@type\":\"EntryPoint\",\"urlTemplate\":\"https:\/\/pendopharm-gi.com\/fr\/?s={search_term_string}\"},\"query-input\":{\"@type\":\"PropertyValueSpecification\",\"valueRequired\":true,\"valueName\":\"search_term_string\"}}],\"inLanguage\":\"fr-FR\"},{\"@type\":\"Organization\",\"@id\":\"https:\/\/pendopharm-gi.com\/fr\/#organization\",\"name\":\"Pendopharm G.I. Solutions\",\"url\":\"https:\/\/pendopharm-gi.com\/fr\/\",\"logo\":{\"@type\":\"ImageObject\",\"inLanguage\":\"fr-FR\",\"@id\":\"https:\/\/pendopharm-gi.com\/fr\/#\/schema\/logo\/image\/\",\"url\":\"https:\/\/pendopharm-gi.com\/wp-content\/uploads\/2018\/07\/Logo-header-other.png\",\"contentUrl\":\"https:\/\/pendopharm-gi.com\/wp-content\/uploads\/2018\/07\/Logo-header-other.png\",\"width\":210,\"height\":50,\"caption\":\"Pendopharm G.I. Solutions\"},\"image\":{\"@id\":\"https:\/\/pendopharm-gi.com\/fr\/#\/schema\/logo\/image\/\"}}]}<\/script>\n<!-- \/ Yoast SEO plugin. -->","yoast_head_json":{"title":"Solutions - Pendopharm G.I. Solutions","robots":{"index":"index","follow":"follow","max-snippet":"max-snippet:-1","max-image-preview":"max-image-preview:large","max-video-preview":"max-video-preview:-1"},"canonical":"https:\/\/pendopharm-gi.com\/fr\/solutions\/","og_locale":"fr_FR","og_type":"article","og_title":"Solutions - Pendopharm G.I. Solutions","og_description":"Bi-PegLyteMD La trousse de pr\u00e9paration intestinale Bi-PegLyte (PEG\u00a03350 et \u00e9lectrolytes pour solution orale et comprim\u00e9s de bisacodyl \u00e0 lib\u00e9ration retard\u00e9e). En savoir plus PegLyteMD PegLyte est offert en bouteille de 280\u00a0g ou en bo\u00eete de 4\u00a0sachets de 70\u00a0g de PEG\u00a03350 et \u00e9lectrolytes \u00e0 dissoudre dans 4\u00a0litres d\u2019eau1. En savoir plus CoLyteMD CoLyte est offert en&hellip; Lire la suite","og_url":"https:\/\/pendopharm-gi.com\/fr\/solutions\/","og_site_name":"Pendopharm G.I. Solutions","article_modified_time":"2018-08-29T17:44:35+00:00","og_image":[{"url":"http:\/\/pendopharm-gi.com\/wp-content\/uploads\/2012\/07\/Bi-peg-thumb-en.png","type":"","width":"","height":""}],"schema":{"@context":"https:\/\/schema.org","@graph":[{"@type":"WebPage","@id":"https:\/\/pendopharm-gi.com\/fr\/solutions\/","url":"https:\/\/pendopharm-gi.com\/fr\/solutions\/","name":"Solutions - Pendopharm G.I. Solutions","isPartOf":{"@id":"https:\/\/pendopharm-gi.com\/fr\/#website"},"primaryImageOfPage":{"@id":"https:\/\/pendopharm-gi.com\/fr\/solutions\/#primaryimage"},"image":{"@id":"https:\/\/pendopharm-gi.com\/fr\/solutions\/#primaryimage"},"thumbnailUrl":"http:\/\/pendopharm-gi.com\/wp-content\/uploads\/2012\/07\/Bi-peg-thumb-en.png","datePublished":"2012-06-26T21:48:42+00:00","dateModified":"2018-08-29T17:44:35+00:00","breadcrumb":{"@id":"https:\/\/pendopharm-gi.com\/fr\/solutions\/#breadcrumb"},"inLanguage":"fr-FR","potentialAction":[{"@type":"ReadAction","target":["https:\/\/pendopharm-gi.com\/fr\/solutions\/"]}]},{"@type":"ImageObject","inLanguage":"fr-FR","@id":"https:\/\/pendopharm-gi.com\/fr\/solutions\/#primaryimage","url":"http:\/\/pendopharm-gi.com\/wp-content\/uploads\/2012\/07\/Bi-peg-thumb-en.png","contentUrl":"http:\/\/pendopharm-gi.com\/wp-content\/uploads\/2012\/07\/Bi-peg-thumb-en.png"},{"@type":"BreadcrumbList","@id":"https:\/\/pendopharm-gi.com\/fr\/solutions\/#breadcrumb","itemListElement":[{"@type":"ListItem","position":1,"name":"Home","item":"https:\/\/pendopharm-gi.com\/fr\/"},{"@type":"ListItem","position":2,"name":"Solutions"}]},{"@type":"WebSite","@id":"https:\/\/pendopharm-gi.com\/fr\/#website","url":"https:\/\/pendopharm-gi.com\/fr\/","name":"Pendopharm G.I. Solutions","description":"","publisher":{"@id":"https:\/\/pendopharm-gi.com\/fr\/#organization"},"potentialAction":[{"@type":"SearchAction","target":{"@type":"EntryPoint","urlTemplate":"https:\/\/pendopharm-gi.com\/fr\/?s={search_term_string}"},"query-input":{"@type":"PropertyValueSpecification","valueRequired":true,"valueName":"search_term_string"}}],"inLanguage":"fr-FR"},{"@type":"Organization","@id":"https:\/\/pendopharm-gi.com\/fr\/#organization","name":"Pendopharm G.I. Solutions","url":"https:\/\/pendopharm-gi.com\/fr\/","logo":{"@type":"ImageObject","inLanguage":"fr-FR","@id":"https:\/\/pendopharm-gi.com\/fr\/#\/schema\/logo\/image\/","url":"https:\/\/pendopharm-gi.com\/wp-content\/uploads\/2018\/07\/Logo-header-other.png","contentUrl":"https:\/\/pendopharm-gi.com\/wp-content\/uploads\/2018\/07\/Logo-header-other.png","width":210,"height":50,"caption":"Pendopharm G.I. Solutions"},"image":{"@id":"https:\/\/pendopharm-gi.com\/fr\/#\/schema\/logo\/image\/"}}]}},"jetpack_sharing_enabled":true,"_links":{"self":[{"href":"https:\/\/pendopharm-gi.com\/fr\/wp-json\/wp\/v2\/pages\/322","targetHints":{"allow":["GET"]}}],"collection":[{"href":"https:\/\/pendopharm-gi.com\/fr\/wp-json\/wp\/v2\/pages"}],"about":[{"href":"https:\/\/pendopharm-gi.com\/fr\/wp-json\/wp\/v2\/types\/page"}],"author":[{"embeddable":true,"href":"https:\/\/pendopharm-gi.com\/fr\/wp-json\/wp\/v2\/users\/10"}],"replies":[{"embeddable":true,"href":"https:\/\/pendopharm-gi.com\/fr\/wp-json\/wp\/v2\/comments?post=322"}],"version-history":[{"count":42,"href":"https:\/\/pendopharm-gi.com\/fr\/wp-json\/wp\/v2\/pages\/322\/revisions"}],"predecessor-version":[{"id":1543,"href":"https:\/\/pendopharm-gi.com\/fr\/wp-json\/wp\/v2\/pages\/322\/revisions\/1543"}],"wp:attachment":[{"href":"https:\/\/pendopharm-gi.com\/fr\/wp-json\/wp\/v2\/media?parent=322"}],"curies":[{"name":"wp","href":"https:\/\/api.w.org\/{rel}","templated":true}]}}