{"id":294,"date":"2012-06-26T17:56:35","date_gmt":"2012-06-26T17:56:35","guid":{"rendered":"http:\/\/www.pendopharm-gi.com\/?page_id=294"},"modified":"2025-07-29T14:40:53","modified_gmt":"2025-07-29T18:40:53","slug":"liens","status":"publish","type":"page","link":"https:\/\/pendopharm-gi.com\/fr\/liens\/","title":{"rendered":"Liens"},"content":{"rendered":"\t\t<div data-elementor-type=\"wp-page\" data-elementor-id=\"294\" class=\"elementor elementor-294 elementor-16\">\n\t\t\t\t\t\t<section class=\"elementor-section elementor-top-section elementor-element elementor-element-5a9d8218 elementor-section-boxed elementor-section-height-default elementor-section-height-default\" data-id=\"5a9d8218\" data-element_type=\"section\" data-e-type=\"section\">\n\t\t\t\t\t\t<div class=\"elementor-container elementor-column-gap-default\">\n\t\t\t\t\t<div class=\"elementor-column elementor-col-100 elementor-top-column elementor-element elementor-element-2cc75fe9\" data-id=\"2cc75fe9\" data-element_type=\"column\" data-e-type=\"column\">\n\t\t\t<div class=\"elementor-widget-wrap elementor-element-populated\">\n\t\t\t\t\t\t<div class=\"elementor-element elementor-element-6d713e1f elementor-widget elementor-widget-text-editor\" data-id=\"6d713e1f\" data-element_type=\"widget\" data-e-type=\"widget\" data-widget_type=\"text-editor.default\">\n\t\t\t\t<div class=\"elementor-widget-container\">\n\t\t\t\t\t\t\t\t\t<p><strong>American Society for Gastrointestinal Endoscopy<\/strong><\/p>\n<p><strong>Comprendre la coloscopie<br><\/strong><a href=\"https:\/\/public.asge.org\/Public\/Store\/StoreLayouts\/Item_Detail.aspx?iproductcode=peb05\" target=\"_blank\">https:\/\/public.asge.org\/Public\/Store\/StoreLayouts\/Item_Detail.aspx?iproductcode=peb05<\/a><\/p>\n<p><strong>Association canadienne de gastroent\u00e9rologie<\/strong><br><a href=\"http:\/\/www.cag-acg.org\" target=\"_blank\" rel=\"noopener\">http:\/\/www.cag-acg.org<\/a>&nbsp;(en anglais seulement)<\/p><p><strong>La Soci\u00e9t\u00e9 canadienne du cancer s\u2019attaque au cancer colorectal<br><\/strong><a href=\"https:\/\/cancer.ca\/en\/cancer-information\/cancer-types\/colorectal\" target=\"_blank\">https:\/\/cancer.ca\/fr\/cancer-information\/cancer-types\/colorectal<\/a><\/p><p><strong>Le d\u00e9pistage<\/strong><a href=\"https:\/\/www.colorectalcancercanada.com\/fr\/depistage\/\" target=\"_blank\"><br>https:\/\/www.colorectalcancercanada.com\/fr\/depistage\/<\/a><\/p>\n<p><strong>Minist\u00e8re de la Sant\u00e9 et des soins de longue dur\u00e9e de l\u2019Ontario<\/strong><\/p>\n<p><strong>Contr\u00f4le Cancer Colorectal<\/strong><br><a href=\"https:\/\/www.ontario.ca\/fr\/page\/prevention-et-depistage-du-cancer-du-colon\" target=\"_blank\" rel=\"noopener\">https:\/\/www.ontario.ca\/fr\/page\/prevention-et-depistage-du-cancer-du-colon<\/a><\/p>\n<p><strong>Susan Cohan Colon Cancer Foundation, Inc.<\/strong><\/p>\n<p><strong>D\u00e9pistage et coloscopie&nbsp;<\/strong><br><a href=\"https:\/\/coloncancerfoundation.org\/prevent-it-colorectal-cancer-screening-information\/\" target=\"_blank\">https:\/\/coloncancerfoundation.org\/prevent-it-colorectal-cancer-screening-information\/<\/a>&nbsp;(en anglais seulement)<\/p>\t\t\t\t\t\t\t\t<\/div>\n\t\t\t\t<\/div>\n\t\t\t\t\t<\/div>\n\t\t<\/div>\n\t\t\t\t\t<\/div>\n\t\t<\/section>\n\t\t\t\t<\/div>\n\t\t","protected":false},"excerpt":{"rendered":"<p>American Society for Gastrointestinal Endoscopy Comprendre la coloscopiehttps:\/\/public.asge.org\/Public\/Store\/StoreLayouts\/Item_Detail.aspx?iproductcode=peb05 Association canadienne de gastroent\u00e9rologiehttp:\/\/www.cag-acg.org&nbsp;(en anglais seulement) La Soci\u00e9t\u00e9 canadienne du cancer s\u2019attaque au cancer colorectalhttps:\/\/cancer.ca\/fr\/cancer-information\/cancer-types\/colorectal Le d\u00e9pistagehttps:\/\/www.colorectalcancercanada.com\/fr\/depistage\/ Minist\u00e8re de la Sant\u00e9 et des soins de longue dur\u00e9e de l\u2019Ontario Contr\u00f4le Cancer Colorectalhttps:\/\/www.ontario.ca\/fr\/page\/prevention-et-depistage-du-cancer-du-colon Susan Cohan Colon Cancer Foundation, Inc. D\u00e9pistage et coloscopie&nbsp;https:\/\/coloncancerfoundation.org\/prevent-it-colorectal-cancer-screening-information\/&nbsp;(en anglais seulement)<\/p>\n","protected":false},"author":10,"featured_media":0,"parent":0,"menu_order":0,"comment_status":"closed","ping_status":"closed","template":"","meta":{"footnotes":""},"class_list":["post-294","page","type-page","status-publish","hentry"],"yoast_head":"<!-- This site is optimized with the Yoast SEO plugin v26.9 - https:\/\/yoast.com\/product\/yoast-seo-wordpress\/ -->\n<title>Liens - Pendopharm G.I. Solutions<\/title>\n<meta name=\"robots\" content=\"index, follow, max-snippet:-1, max-image-preview:large, max-video-preview:-1\" \/>\n<link rel=\"canonical\" href=\"https:\/\/pendopharm-gi.com\/fr\/liens\/\" \/>\n<meta property=\"og:locale\" content=\"fr_FR\" \/>\n<meta property=\"og:type\" content=\"article\" \/>\n<meta property=\"og:title\" content=\"Liens - Pendopharm G.I. Solutions\" \/>\n<meta property=\"og:description\" content=\"American Society for Gastrointestinal Endoscopy Comprendre la coloscopiehttps:\/\/public.asge.org\/Public\/Store\/StoreLayouts\/Item_Detail.aspx?iproductcode=peb05 Association canadienne de gastroent\u00e9rologiehttp:\/\/www.cag-acg.org&nbsp;(en anglais seulement) La Soci\u00e9t\u00e9 canadienne du cancer s\u2019attaque au cancer colorectalhttps:\/\/cancer.ca\/fr\/cancer-information\/cancer-types\/colorectal Le d\u00e9pistagehttps:\/\/www.colorectalcancercanada.com\/fr\/depistage\/ Minist\u00e8re de la Sant\u00e9 et des soins de longue dur\u00e9e de l\u2019Ontario Contr\u00f4le Cancer Colorectalhttps:\/\/www.ontario.ca\/fr\/page\/prevention-et-depistage-du-cancer-du-colon Susan Cohan Colon Cancer Foundation, Inc. D\u00e9pistage et coloscopie&nbsp;https:\/\/coloncancerfoundation.org\/prevent-it-colorectal-cancer-screening-information\/&nbsp;(en anglais seulement)\" \/>\n<meta property=\"og:url\" content=\"https:\/\/pendopharm-gi.com\/fr\/liens\/\" \/>\n<meta property=\"og:site_name\" content=\"Pendopharm G.I. Solutions\" \/>\n<meta property=\"article:modified_time\" content=\"2025-07-29T18:40:53+00:00\" \/>\n<meta name=\"twitter:label1\" content=\"Dur\u00e9e de lecture estim\u00e9e\" \/>\n\t<meta name=\"twitter:data1\" content=\"1 minute\" \/>\n<script type=\"application\/ld+json\" class=\"yoast-schema-graph\">{\"@context\":\"https:\/\/schema.org\",\"@graph\":[{\"@type\":\"WebPage\",\"@id\":\"https:\/\/pendopharm-gi.com\/fr\/liens\/\",\"url\":\"https:\/\/pendopharm-gi.com\/fr\/liens\/\",\"name\":\"Liens - Pendopharm G.I. Solutions\",\"isPartOf\":{\"@id\":\"https:\/\/pendopharm-gi.com\/fr\/#website\"},\"datePublished\":\"2012-06-26T17:56:35+00:00\",\"dateModified\":\"2025-07-29T18:40:53+00:00\",\"breadcrumb\":{\"@id\":\"https:\/\/pendopharm-gi.com\/fr\/liens\/#breadcrumb\"},\"inLanguage\":\"fr-FR\",\"potentialAction\":[{\"@type\":\"ReadAction\",\"target\":[\"https:\/\/pendopharm-gi.com\/fr\/liens\/\"]}]},{\"@type\":\"BreadcrumbList\",\"@id\":\"https:\/\/pendopharm-gi.com\/fr\/liens\/#breadcrumb\",\"itemListElement\":[{\"@type\":\"ListItem\",\"position\":1,\"name\":\"Home\",\"item\":\"https:\/\/pendopharm-gi.com\/fr\/\"},{\"@type\":\"ListItem\",\"position\":2,\"name\":\"Liens\"}]},{\"@type\":\"WebSite\",\"@id\":\"https:\/\/pendopharm-gi.com\/fr\/#website\",\"url\":\"https:\/\/pendopharm-gi.com\/fr\/\",\"name\":\"Pendopharm G.I. Solutions\",\"description\":\"\",\"publisher\":{\"@id\":\"https:\/\/pendopharm-gi.com\/fr\/#organization\"},\"potentialAction\":[{\"@type\":\"SearchAction\",\"target\":{\"@type\":\"EntryPoint\",\"urlTemplate\":\"https:\/\/pendopharm-gi.com\/fr\/?s={search_term_string}\"},\"query-input\":{\"@type\":\"PropertyValueSpecification\",\"valueRequired\":true,\"valueName\":\"search_term_string\"}}],\"inLanguage\":\"fr-FR\"},{\"@type\":\"Organization\",\"@id\":\"https:\/\/pendopharm-gi.com\/fr\/#organization\",\"name\":\"Pendopharm G.I. Solutions\",\"url\":\"https:\/\/pendopharm-gi.com\/fr\/\",\"logo\":{\"@type\":\"ImageObject\",\"inLanguage\":\"fr-FR\",\"@id\":\"https:\/\/pendopharm-gi.com\/fr\/#\/schema\/logo\/image\/\",\"url\":\"https:\/\/pendopharm-gi.com\/wp-content\/uploads\/2018\/07\/Logo-header-other.png\",\"contentUrl\":\"https:\/\/pendopharm-gi.com\/wp-content\/uploads\/2018\/07\/Logo-header-other.png\",\"width\":210,\"height\":50,\"caption\":\"Pendopharm G.I. Solutions\"},\"image\":{\"@id\":\"https:\/\/pendopharm-gi.com\/fr\/#\/schema\/logo\/image\/\"}}]}<\/script>\n<!-- \/ Yoast SEO plugin. -->","yoast_head_json":{"title":"Liens - Pendopharm G.I. Solutions","robots":{"index":"index","follow":"follow","max-snippet":"max-snippet:-1","max-image-preview":"max-image-preview:large","max-video-preview":"max-video-preview:-1"},"canonical":"https:\/\/pendopharm-gi.com\/fr\/liens\/","og_locale":"fr_FR","og_type":"article","og_title":"Liens - Pendopharm G.I. Solutions","og_description":"American Society for Gastrointestinal Endoscopy Comprendre la coloscopiehttps:\/\/public.asge.org\/Public\/Store\/StoreLayouts\/Item_Detail.aspx?iproductcode=peb05 Association canadienne de gastroent\u00e9rologiehttp:\/\/www.cag-acg.org&nbsp;(en anglais seulement) La Soci\u00e9t\u00e9 canadienne du cancer s\u2019attaque au cancer colorectalhttps:\/\/cancer.ca\/fr\/cancer-information\/cancer-types\/colorectal Le d\u00e9pistagehttps:\/\/www.colorectalcancercanada.com\/fr\/depistage\/ Minist\u00e8re de la Sant\u00e9 et des soins de longue dur\u00e9e de l\u2019Ontario Contr\u00f4le Cancer Colorectalhttps:\/\/www.ontario.ca\/fr\/page\/prevention-et-depistage-du-cancer-du-colon Susan Cohan Colon Cancer Foundation, Inc. D\u00e9pistage et coloscopie&nbsp;https:\/\/coloncancerfoundation.org\/prevent-it-colorectal-cancer-screening-information\/&nbsp;(en anglais seulement)","og_url":"https:\/\/pendopharm-gi.com\/fr\/liens\/","og_site_name":"Pendopharm G.I. Solutions","article_modified_time":"2025-07-29T18:40:53+00:00","twitter_misc":{"Dur\u00e9e de lecture estim\u00e9e":"1 minute"},"schema":{"@context":"https:\/\/schema.org","@graph":[{"@type":"WebPage","@id":"https:\/\/pendopharm-gi.com\/fr\/liens\/","url":"https:\/\/pendopharm-gi.com\/fr\/liens\/","name":"Liens - Pendopharm G.I. Solutions","isPartOf":{"@id":"https:\/\/pendopharm-gi.com\/fr\/#website"},"datePublished":"2012-06-26T17:56:35+00:00","dateModified":"2025-07-29T18:40:53+00:00","breadcrumb":{"@id":"https:\/\/pendopharm-gi.com\/fr\/liens\/#breadcrumb"},"inLanguage":"fr-FR","potentialAction":[{"@type":"ReadAction","target":["https:\/\/pendopharm-gi.com\/fr\/liens\/"]}]},{"@type":"BreadcrumbList","@id":"https:\/\/pendopharm-gi.com\/fr\/liens\/#breadcrumb","itemListElement":[{"@type":"ListItem","position":1,"name":"Home","item":"https:\/\/pendopharm-gi.com\/fr\/"},{"@type":"ListItem","position":2,"name":"Liens"}]},{"@type":"WebSite","@id":"https:\/\/pendopharm-gi.com\/fr\/#website","url":"https:\/\/pendopharm-gi.com\/fr\/","name":"Pendopharm G.I. Solutions","description":"","publisher":{"@id":"https:\/\/pendopharm-gi.com\/fr\/#organization"},"potentialAction":[{"@type":"SearchAction","target":{"@type":"EntryPoint","urlTemplate":"https:\/\/pendopharm-gi.com\/fr\/?s={search_term_string}"},"query-input":{"@type":"PropertyValueSpecification","valueRequired":true,"valueName":"search_term_string"}}],"inLanguage":"fr-FR"},{"@type":"Organization","@id":"https:\/\/pendopharm-gi.com\/fr\/#organization","name":"Pendopharm G.I. Solutions","url":"https:\/\/pendopharm-gi.com\/fr\/","logo":{"@type":"ImageObject","inLanguage":"fr-FR","@id":"https:\/\/pendopharm-gi.com\/fr\/#\/schema\/logo\/image\/","url":"https:\/\/pendopharm-gi.com\/wp-content\/uploads\/2018\/07\/Logo-header-other.png","contentUrl":"https:\/\/pendopharm-gi.com\/wp-content\/uploads\/2018\/07\/Logo-header-other.png","width":210,"height":50,"caption":"Pendopharm G.I. Solutions"},"image":{"@id":"https:\/\/pendopharm-gi.com\/fr\/#\/schema\/logo\/image\/"}}]}},"jetpack_sharing_enabled":true,"_links":{"self":[{"href":"https:\/\/pendopharm-gi.com\/fr\/wp-json\/wp\/v2\/pages\/294","targetHints":{"allow":["GET"]}}],"collection":[{"href":"https:\/\/pendopharm-gi.com\/fr\/wp-json\/wp\/v2\/pages"}],"about":[{"href":"https:\/\/pendopharm-gi.com\/fr\/wp-json\/wp\/v2\/types\/page"}],"author":[{"embeddable":true,"href":"https:\/\/pendopharm-gi.com\/fr\/wp-json\/wp\/v2\/users\/10"}],"replies":[{"embeddable":true,"href":"https:\/\/pendopharm-gi.com\/fr\/wp-json\/wp\/v2\/comments?post=294"}],"version-history":[{"count":38,"href":"https:\/\/pendopharm-gi.com\/fr\/wp-json\/wp\/v2\/pages\/294\/revisions"}],"predecessor-version":[{"id":2057,"href":"https:\/\/pendopharm-gi.com\/fr\/wp-json\/wp\/v2\/pages\/294\/revisions\/2057"}],"wp:attachment":[{"href":"https:\/\/pendopharm-gi.com\/fr\/wp-json\/wp\/v2\/media?parent=294"}],"curies":[{"name":"wp","href":"https:\/\/api.w.org\/{rel}","templated":true}]}}