{"id":286,"date":"2012-01-17T20:41:30","date_gmt":"2012-01-17T20:41:30","guid":{"rendered":"http:\/\/www.pendopharm-gi.com\/?page_id=286"},"modified":"2025-07-29T13:15:17","modified_gmt":"2025-07-29T17:15:17","slug":"maladies","status":"publish","type":"page","link":"https:\/\/pendopharm-gi.com\/fr\/maladies\/","title":{"rendered":"Maladies"},"content":{"rendered":"\t\t<div data-elementor-type=\"wp-page\" data-elementor-id=\"286\" class=\"elementor elementor-286 elementor-8\">\n\t\t\t\t\t\t<section class=\"elementor-section elementor-top-section elementor-element elementor-element-84e4893 elementor-section-boxed elementor-section-height-default elementor-section-height-default\" data-id=\"84e4893\" data-element_type=\"section\" data-e-type=\"section\">\n\t\t\t\t\t\t<div class=\"elementor-container elementor-column-gap-default\">\n\t\t\t\t\t<div class=\"elementor-column elementor-col-100 elementor-top-column elementor-element elementor-element-7f4e6361\" data-id=\"7f4e6361\" data-element_type=\"column\" data-e-type=\"column\">\n\t\t\t<div class=\"elementor-widget-wrap elementor-element-populated\">\n\t\t\t\t\t\t<div class=\"elementor-element elementor-element-1ee38c39 elementor-widget elementor-widget-text-editor\" data-id=\"1ee38c39\" data-element_type=\"widget\" data-e-type=\"widget\" data-widget_type=\"text-editor.default\">\n\t\t\t\t<div class=\"elementor-widget-container\">\n\t\t\t\t\t\t\t\t\t<h1 style=\"font-size: 14px;\"><span style=\"display: inline-block; width: 0px; overflow: hidden; line-height: 0;\" data-mce-type=\"bookmark\" class=\"mce_SELRES_start\"><span style=\"display: inline-block; width: 0px; overflow: hidden; line-height: 0;\" data-mce-type=\"bookmark\" class=\"mce_SELRES_start\">\ufeff<\/span><span style=\"display: inline-block; width: 0px; overflow: hidden; line-height: 0;\" data-mce-type=\"bookmark\" class=\"mce_SELRES_start\">\ufeff<\/span>\ufeff<\/span><span style=\"font-size: 18px; color: #000000;\"><strong>Des coloscopies r\u00e9alis\u00e9es en temps opportun aident au d\u00e9pistage pr\u00e9coce de maladies graves<\/strong><\/span><\/h1>\n<p style=\"color: #8e9dae; font-family: 'Open Sans', sans-serif; font-size: 14px;\"><span style=\"color: #000000;\"><strong>Cancer colorectal<\/strong><\/span><\/p>\n<p style=\"color: #8e9dae; font-family: 'Open Sans', sans-serif; font-size: 13px;\"><span style=\"font-size: 14px; color: #2e2e2e;\">La coloscopie est mieux connue pour son utilisation dans le d\u00e9pistage pr\u00e9coce du&nbsp;<a href=\"https:\/\/www.emedicinehealth.com\/search\/emh\/colorectal%20cancer\">cancer colorectal<\/a><sup>1<\/sup><\/span><\/p>\n<p style=\"color: #8e9dae; font-family: 'Open Sans', sans-serif; font-size: 13px;\"><span style=\"font-size: 14px; color: #2e2e2e;\">&#8211; Selon l\u2019Institut national du cancer du Canada, le cancer colorectal est la troisi\u00e8me forme de cancer la plus r\u00e9pandue et la deuxi\u00e8me cause de d\u00e9c\u00e8s d\u00fb \u00e0 un cancer chez les hommes et les femmes du Canada<sup>2<\/sup>. <br><\/span><\/p>\n<p style=\"color: #8e9dae; font-family: 'Open Sans', sans-serif; font-size: 13px;\"><span style=\"font-size: 14px; color: #2e2e2e;\">&#8211; Ce cancer est traitable s\u2019il est d\u00e9cel\u00e9 \u00e0 un stade pr\u00e9coce et peut \u00eatre pr\u00e9venu dans 95&nbsp;% des cas au moyen de tests opportuns et complets de d\u00e9pistage, comme la coloscopie. Malheureusement, \u00e0 l\u2019heure actuelle, pr\u00e8s de la moiti\u00e9 des diagnostics de ce cancer arrivent trop tard<sup>2<\/sup>.<\/span><\/p>\n<p style=\"color: #8e9dae; font-family: 'Open Sans', sans-serif; font-size: 14px;\"><span style=\"color: #000000;\"><strong>Maladies intestinales inflammatoires (MII)*<\/strong><\/span><\/p>\n<p style=\"color: #8e9dae; font-family: 'Open Sans', sans-serif; font-size: 13px;\"><span style=\"font-size: 14px; color: #2e2e2e;\">La coloscopie sert aussi au diagnostic des maladies inflammatoires du c\u00f4lon :<\/span><\/p>\n<ul style=\"color: #8e9dae; font-family: 'Open Sans', sans-serif;\">\n<li>\n<p style=\"font-size: 13px;\"><span style=\"font-size: 14px; color: #2e2e2e;\">La maladie de Crohn ou la colite ulc\u00e9reuse<sup>1<\/sup><\/span><\/p>\n<\/li>\n<\/ul>\n<p style=\"color: #8e9dae; font-family: 'Open Sans', sans-serif; font-size: 13px;\"><span style=\"font-size: 14px; color: #2e2e2e;\">&#8211; En 2008, plus de 200&nbsp;000&nbsp;Canadiens \u00e9taient atteints d\u2019une MII. Ces maladies touchent plus de personnes que la scl\u00e9rose en plaques ou l\u2019infection par le VIH, et elles sont presque aussi courantes que l\u2019\u00e9pilepsie et le diab\u00e8te de type&nbsp;1<sup>3<\/sup>.<\/span><\/p>\n<p style=\"color: #8e9dae; font-family: 'Open Sans', sans-serif; font-size: 13px;\"><span style=\"font-size: 14px; color: #2e2e2e;\"><em>* Consultez votre m\u00e9decin ou votre pharmacien&nbsp;avantde prendre une pr\u00e9paration de nettoyage de l\u2019intestin si vous avez une MII ou croyez en avoir une.<\/em><\/span><\/p>\n<p style=\"color: #8e9dae; font-family: 'Open Sans', sans-serif; font-size: 14px;\"><span style=\"color: #000000;\"><strong>Autres maladies<\/strong><\/span><\/p>\n<ul style=\"color: #8e9dae; font-family: 'Open Sans', sans-serif;\">\n<li><span style=\"font-size: 14px; color: #2e2e2e;\">Syndrome du c\u00f4lon irritable (SCI)<\/span><\/li>\n<\/ul>\n<p style=\"color: #8e9dae; font-family: 'Open Sans', sans-serif; font-size: 13px;\"><span style=\"font-size: 14px; color: #2e2e2e;\">&#8211; Cinq millions de Canadiens souffrent de ce syndrome et 120&nbsp;000&nbsp;autres commencent \u00e0 en sentir les troubles chaque ann\u00e9e<sup>4<\/sup>.<\/span><\/p>\n<ul style=\"color: #8e9dae; font-family: 'Open Sans', sans-serif;\">\n<li><span style=\"font-size: 14px; color: #2e2e2e;\">Diarrh\u00e9e sanglante<\/span><\/li>\n<\/ul>\n<p style=\"color: #8e9dae; font-family: 'Open Sans', sans-serif; font-size: 13px;\"><span style=\"font-size: 14px; color: #2e2e2e;\">&#8211; La coloscopie peut aussi permettre de trouver la source et la cause de la diarrh\u00e9e sanglante<sup>1<\/sup>.<\/span><\/p>\n<p><span style=\"display: inline-block; width: 0px; overflow: hidden; line-height: 0;\" data-mce-type=\"bookmark\" class=\"mce_SELRES_start\">\ufeff<\/span><\/p>\t\t\t\t\t\t\t\t<\/div>\n\t\t\t\t<\/div>\n\t\t\t\t\t<\/div>\n\t\t<\/div>\n\t\t\t\t\t<\/div>\n\t\t<\/section>\n\t\t\t\t<\/div>\n\t\t","protected":false},"excerpt":{"rendered":"<p>\ufeff\ufeff\ufeffDes coloscopies r\u00e9alis\u00e9es en temps opportun aident au d\u00e9pistage pr\u00e9coce de maladies graves Cancer colorectal La coloscopie est mieux connue pour son utilisation dans le d\u00e9pistage pr\u00e9coce du&nbsp;cancer colorectal1 &#8211; Selon l\u2019Institut national du cancer du Canada, le cancer colorectal est la troisi\u00e8me forme de cancer la plus r\u00e9pandue et la deuxi\u00e8me cause de d\u00e9c\u00e8s&hellip; <br \/> <a class=\"read-more\" href=\"https:\/\/pendopharm-gi.com\/fr\/maladies\/\">Lire la suite<\/a><\/p>\n","protected":false},"author":10,"featured_media":0,"parent":0,"menu_order":0,"comment_status":"closed","ping_status":"closed","template":"","meta":{"footnotes":""},"class_list":["post-286","page","type-page","status-publish","hentry"],"yoast_head":"<!-- This site is optimized with the Yoast SEO plugin v26.9 - https:\/\/yoast.com\/product\/yoast-seo-wordpress\/ -->\n<title>Maladies - Pendopharm G.I. Solutions<\/title>\n<meta name=\"robots\" content=\"index, follow, max-snippet:-1, max-image-preview:large, max-video-preview:-1\" \/>\n<link rel=\"canonical\" href=\"https:\/\/pendopharm-gi.com\/fr\/maladies\/\" \/>\n<meta property=\"og:locale\" content=\"fr_FR\" \/>\n<meta property=\"og:type\" content=\"article\" \/>\n<meta property=\"og:title\" content=\"Maladies - Pendopharm G.I. Solutions\" \/>\n<meta property=\"og:description\" content=\"\ufeff\ufeff\ufeffDes coloscopies r\u00e9alis\u00e9es en temps opportun aident au d\u00e9pistage pr\u00e9coce de maladies graves Cancer colorectal La coloscopie est mieux connue pour son utilisation dans le d\u00e9pistage pr\u00e9coce du&nbsp;cancer colorectal1 &#8211; Selon l\u2019Institut national du cancer du Canada, le cancer colorectal est la troisi\u00e8me forme de cancer la plus r\u00e9pandue et la deuxi\u00e8me cause de d\u00e9c\u00e8s&hellip; Lire la suite\" \/>\n<meta property=\"og:url\" content=\"https:\/\/pendopharm-gi.com\/fr\/maladies\/\" \/>\n<meta property=\"og:site_name\" content=\"Pendopharm G.I. Solutions\" \/>\n<meta property=\"article:modified_time\" content=\"2025-07-29T17:15:17+00:00\" \/>\n<meta name=\"twitter:label1\" content=\"Dur\u00e9e de lecture estim\u00e9e\" \/>\n\t<meta name=\"twitter:data1\" content=\"2 minutes\" \/>\n<script type=\"application\/ld+json\" class=\"yoast-schema-graph\">{\"@context\":\"https:\/\/schema.org\",\"@graph\":[{\"@type\":\"WebPage\",\"@id\":\"https:\/\/pendopharm-gi.com\/fr\/maladies\/\",\"url\":\"https:\/\/pendopharm-gi.com\/fr\/maladies\/\",\"name\":\"Maladies - Pendopharm G.I. Solutions\",\"isPartOf\":{\"@id\":\"https:\/\/pendopharm-gi.com\/fr\/#website\"},\"datePublished\":\"2012-01-17T20:41:30+00:00\",\"dateModified\":\"2025-07-29T17:15:17+00:00\",\"breadcrumb\":{\"@id\":\"https:\/\/pendopharm-gi.com\/fr\/maladies\/#breadcrumb\"},\"inLanguage\":\"fr-FR\",\"potentialAction\":[{\"@type\":\"ReadAction\",\"target\":[\"https:\/\/pendopharm-gi.com\/fr\/maladies\/\"]}]},{\"@type\":\"BreadcrumbList\",\"@id\":\"https:\/\/pendopharm-gi.com\/fr\/maladies\/#breadcrumb\",\"itemListElement\":[{\"@type\":\"ListItem\",\"position\":1,\"name\":\"Home\",\"item\":\"https:\/\/pendopharm-gi.com\/fr\/\"},{\"@type\":\"ListItem\",\"position\":2,\"name\":\"Maladies\"}]},{\"@type\":\"WebSite\",\"@id\":\"https:\/\/pendopharm-gi.com\/fr\/#website\",\"url\":\"https:\/\/pendopharm-gi.com\/fr\/\",\"name\":\"Pendopharm G.I. Solutions\",\"description\":\"\",\"publisher\":{\"@id\":\"https:\/\/pendopharm-gi.com\/fr\/#organization\"},\"potentialAction\":[{\"@type\":\"SearchAction\",\"target\":{\"@type\":\"EntryPoint\",\"urlTemplate\":\"https:\/\/pendopharm-gi.com\/fr\/?s={search_term_string}\"},\"query-input\":{\"@type\":\"PropertyValueSpecification\",\"valueRequired\":true,\"valueName\":\"search_term_string\"}}],\"inLanguage\":\"fr-FR\"},{\"@type\":\"Organization\",\"@id\":\"https:\/\/pendopharm-gi.com\/fr\/#organization\",\"name\":\"Pendopharm G.I. Solutions\",\"url\":\"https:\/\/pendopharm-gi.com\/fr\/\",\"logo\":{\"@type\":\"ImageObject\",\"inLanguage\":\"fr-FR\",\"@id\":\"https:\/\/pendopharm-gi.com\/fr\/#\/schema\/logo\/image\/\",\"url\":\"https:\/\/pendopharm-gi.com\/wp-content\/uploads\/2018\/07\/Logo-header-other.png\",\"contentUrl\":\"https:\/\/pendopharm-gi.com\/wp-content\/uploads\/2018\/07\/Logo-header-other.png\",\"width\":210,\"height\":50,\"caption\":\"Pendopharm G.I. Solutions\"},\"image\":{\"@id\":\"https:\/\/pendopharm-gi.com\/fr\/#\/schema\/logo\/image\/\"}}]}<\/script>\n<!-- \/ Yoast SEO plugin. -->","yoast_head_json":{"title":"Maladies - Pendopharm G.I. Solutions","robots":{"index":"index","follow":"follow","max-snippet":"max-snippet:-1","max-image-preview":"max-image-preview:large","max-video-preview":"max-video-preview:-1"},"canonical":"https:\/\/pendopharm-gi.com\/fr\/maladies\/","og_locale":"fr_FR","og_type":"article","og_title":"Maladies - Pendopharm G.I. Solutions","og_description":"\ufeff\ufeff\ufeffDes coloscopies r\u00e9alis\u00e9es en temps opportun aident au d\u00e9pistage pr\u00e9coce de maladies graves Cancer colorectal La coloscopie est mieux connue pour son utilisation dans le d\u00e9pistage pr\u00e9coce du&nbsp;cancer colorectal1 &#8211; Selon l\u2019Institut national du cancer du Canada, le cancer colorectal est la troisi\u00e8me forme de cancer la plus r\u00e9pandue et la deuxi\u00e8me cause de d\u00e9c\u00e8s&hellip; Lire la suite","og_url":"https:\/\/pendopharm-gi.com\/fr\/maladies\/","og_site_name":"Pendopharm G.I. Solutions","article_modified_time":"2025-07-29T17:15:17+00:00","twitter_misc":{"Dur\u00e9e de lecture estim\u00e9e":"2 minutes"},"schema":{"@context":"https:\/\/schema.org","@graph":[{"@type":"WebPage","@id":"https:\/\/pendopharm-gi.com\/fr\/maladies\/","url":"https:\/\/pendopharm-gi.com\/fr\/maladies\/","name":"Maladies - Pendopharm G.I. Solutions","isPartOf":{"@id":"https:\/\/pendopharm-gi.com\/fr\/#website"},"datePublished":"2012-01-17T20:41:30+00:00","dateModified":"2025-07-29T17:15:17+00:00","breadcrumb":{"@id":"https:\/\/pendopharm-gi.com\/fr\/maladies\/#breadcrumb"},"inLanguage":"fr-FR","potentialAction":[{"@type":"ReadAction","target":["https:\/\/pendopharm-gi.com\/fr\/maladies\/"]}]},{"@type":"BreadcrumbList","@id":"https:\/\/pendopharm-gi.com\/fr\/maladies\/#breadcrumb","itemListElement":[{"@type":"ListItem","position":1,"name":"Home","item":"https:\/\/pendopharm-gi.com\/fr\/"},{"@type":"ListItem","position":2,"name":"Maladies"}]},{"@type":"WebSite","@id":"https:\/\/pendopharm-gi.com\/fr\/#website","url":"https:\/\/pendopharm-gi.com\/fr\/","name":"Pendopharm G.I. Solutions","description":"","publisher":{"@id":"https:\/\/pendopharm-gi.com\/fr\/#organization"},"potentialAction":[{"@type":"SearchAction","target":{"@type":"EntryPoint","urlTemplate":"https:\/\/pendopharm-gi.com\/fr\/?s={search_term_string}"},"query-input":{"@type":"PropertyValueSpecification","valueRequired":true,"valueName":"search_term_string"}}],"inLanguage":"fr-FR"},{"@type":"Organization","@id":"https:\/\/pendopharm-gi.com\/fr\/#organization","name":"Pendopharm G.I. Solutions","url":"https:\/\/pendopharm-gi.com\/fr\/","logo":{"@type":"ImageObject","inLanguage":"fr-FR","@id":"https:\/\/pendopharm-gi.com\/fr\/#\/schema\/logo\/image\/","url":"https:\/\/pendopharm-gi.com\/wp-content\/uploads\/2018\/07\/Logo-header-other.png","contentUrl":"https:\/\/pendopharm-gi.com\/wp-content\/uploads\/2018\/07\/Logo-header-other.png","width":210,"height":50,"caption":"Pendopharm G.I. Solutions"},"image":{"@id":"https:\/\/pendopharm-gi.com\/fr\/#\/schema\/logo\/image\/"}}]}},"jetpack_sharing_enabled":true,"_links":{"self":[{"href":"https:\/\/pendopharm-gi.com\/fr\/wp-json\/wp\/v2\/pages\/286","targetHints":{"allow":["GET"]}}],"collection":[{"href":"https:\/\/pendopharm-gi.com\/fr\/wp-json\/wp\/v2\/pages"}],"about":[{"href":"https:\/\/pendopharm-gi.com\/fr\/wp-json\/wp\/v2\/types\/page"}],"author":[{"embeddable":true,"href":"https:\/\/pendopharm-gi.com\/fr\/wp-json\/wp\/v2\/users\/10"}],"replies":[{"embeddable":true,"href":"https:\/\/pendopharm-gi.com\/fr\/wp-json\/wp\/v2\/comments?post=286"}],"version-history":[{"count":58,"href":"https:\/\/pendopharm-gi.com\/fr\/wp-json\/wp\/v2\/pages\/286\/revisions"}],"predecessor-version":[{"id":2037,"href":"https:\/\/pendopharm-gi.com\/fr\/wp-json\/wp\/v2\/pages\/286\/revisions\/2037"}],"wp:attachment":[{"href":"https:\/\/pendopharm-gi.com\/fr\/wp-json\/wp\/v2\/media?parent=286"}],"curies":[{"name":"wp","href":"https:\/\/api.w.org\/{rel}","templated":true}]}}