{"id":277,"date":"2012-01-17T20:41:18","date_gmt":"2012-01-17T20:41:18","guid":{"rendered":"http:\/\/www.pendopharm-gi.com\/home\/"},"modified":"2014-02-11T09:40:32","modified_gmt":"2014-02-11T13:40:32","slug":"home","status":"publish","type":"page","link":"https:\/\/pendopharm-gi.com\/fr\/home\/","title":{"rendered":"Home"},"content":{"rendered":"<h2 style=\"text-align: center;\">[callout1]Pr\u00e9parations pour coloscopies[\/callout1]<\/h2>\n<p>[one_third]<br \/>\n[frame style=\u00a0\u00bbmodern\u00a0\u00bb image_path=\u00a0\u00bbhttp:\/\/www.pendopharm-gi.com\/wp-content\/uploads\/2012\/07\/Bi-peg-thumb-en.png\u00a0\u00bb link_to_page=\u00a0\u00bb\/fr\/bi-peglyte\/\u00a0\u00bb target=\u00a0\u00bb_self\u00a0\u00bb description=\u00a0\u00bb\u00a0\u00bb size=\u00a0\u00bbthree_col_large\u00a0\u00bb]<br \/>\n[h4]Bi-PegLyte<sup>MD<\/sup>[\/h4]<\/p>\n<p>La trousse de pr\u00e9paration intestinale Bi-PegLyte (PEG\u00a03350 et \u00e9lectrolytes pour solution orale et comprim\u00e9s de bisacodyl \u00e0 lib\u00e9ration retard\u00e9e).<\/p>\n<p>[button url=\u00a0\u00bb\/fr\/bi-peglyte\/\u00a0\u00bb target=\u00a0\u00bb_self\u00a0\u00bb size=\u00a0\u00bbsmall\u00a0\u00bb style=\u00a0\u00bbcherry\u00a0\u00bb ]En savoir plus[\/button]<br \/>\n[\/one_third]<br \/>\n[one_third]<br \/>\n[frame style=\u00a0\u00bbmodern\u00a0\u00bb image_path=\u00a0\u00bbhttp:\/\/www.pendopharm-gi.com\/wp-content\/uploads\/2012\/07\/Peg-li-thumb.png\u00a0\u00bb link_to_page=\u00a0\u00bb\/fr\/peglyte\/\u00a0\u00bb target=\u00a0\u00bb_self\u00a0\u00bb description=\u00a0\u00bb\u00a0\u00bb size=\u00a0\u00bbthree_col_large\u00a0\u00bb]<br \/>\n[h4]PegLyte<sup>MD<\/sup>[\/h4]<\/p>\n<p>PegLyte est offert en bouteille de 280\u00a0g ou en bo\u00eete de 4\u00a0sachets de 70\u00a0g de PEG\u00a03350 et \u00e9lectrolytes \u00e0 dissoudre dans 4\u00a0litres d\u2019eau.<\/p>\n<p>[button url=\u00a0\u00bb\/fr\/peglyte\/\u00a0\u00bb target=\u00a0\u00bb_self\u00a0\u00bb size=\u00a0\u00bbsmall\u00a0\u00bb style=\u00a0\u00bbcherry\u00a0\u00bb ]En savoir plus[\/button]<br \/>\n[\/one_third]<br \/>\n[one_third_last]<br \/>\n[frame style=\u00a0\u00bbmodern\u00a0\u00bb image_path=\u00a0\u00bbhttp:\/\/www.pendopharm-gi.com\/wp-content\/uploads\/2012\/07\/Co-li-thumb1.png\u00a0\u00bb link_to_page=\u00a0\u00bb\/fr\/colyte\/\u00a0\u00bb target=\u00a0\u00bb_self\u00a0\u00bb description=\u00a0\u00bb\u00a0\u00bb size=\u00a0\u00bbthree_col_large\u00a0\u00bb]<br \/>\n[h4]CoLyte<sup>MD<\/sup>[\/h4]<\/p>\n<p>CoLyte est offert en bouteille grand format contenant 278\u00a0g de poudre de PEG\u00a03350 et \u00e9lectrolytes \u00e0 dissoudre dans 4\u00a0litres d\u2019eau.<\/p>\n<p>[button url=\u00a0\u00bb\/fr\/colyte\/\u00a0\u00bb target=\u00a0\u00bb_self\u00a0\u00bb size=\u00a0\u00bbsmall\u00a0\u00bb style=\u00a0\u00bbcherry\u00a0\u00bb ]En savoir plus[\/button]<br \/>\n[\/one_third_last]<\/p>\n","protected":false},"excerpt":{"rendered":"<p>[callout1]Pr\u00e9parations pour coloscopies[\/callout1] [one_third] [frame style=\u00a0\u00bbmodern\u00a0\u00bb image_path=\u00a0\u00bbhttp:\/\/www.pendopharm-gi.com\/wp-content\/uploads\/2012\/07\/Bi-peg-thumb-en.png\u00a0\u00bb link_to_page=\u00a0\u00bb\/fr\/bi-peglyte\/\u00a0\u00bb target=\u00a0\u00bb_self\u00a0\u00bb description=\u00a0\u00bb\u00a0\u00bb size=\u00a0\u00bbthree_col_large\u00a0\u00bb] [h4]Bi-PegLyteMD[\/h4] La trousse de pr\u00e9paration intestinale Bi-PegLyte (PEG\u00a03350 et \u00e9lectrolytes pour solution orale et comprim\u00e9s de bisacodyl \u00e0 lib\u00e9ration retard\u00e9e). [button url=\u00a0\u00bb\/fr\/bi-peglyte\/\u00a0\u00bb target=\u00a0\u00bb_self\u00a0\u00bb size=\u00a0\u00bbsmall\u00a0\u00bb style=\u00a0\u00bbcherry\u00a0\u00bb ]En savoir plus[\/button] [\/one_third] [one_third] [frame style=\u00a0\u00bbmodern\u00a0\u00bb image_path=\u00a0\u00bbhttp:\/\/www.pendopharm-gi.com\/wp-content\/uploads\/2012\/07\/Peg-li-thumb.png\u00a0\u00bb link_to_page=\u00a0\u00bb\/fr\/peglyte\/\u00a0\u00bb target=\u00a0\u00bb_self\u00a0\u00bb description=\u00a0\u00bb\u00a0\u00bb size=\u00a0\u00bbthree_col_large\u00a0\u00bb] [h4]PegLyteMD[\/h4] PegLyte est offert en bouteille de&hellip; <br \/> <a class=\"read-more\" href=\"https:\/\/pendopharm-gi.com\/fr\/home\/\">Lire la suite<\/a><\/p>\n","protected":false},"author":10,"featured_media":0,"parent":0,"menu_order":0,"comment_status":"closed","ping_status":"closed","template":"","meta":{"footnotes":""},"class_list":["post-277","page","type-page","status-publish","hentry"],"yoast_head":"<!-- This site is optimized with the Yoast SEO plugin v26.9 - https:\/\/yoast.com\/product\/yoast-seo-wordpress\/ -->\n<title>Home - Pendopharm G.I. Solutions<\/title>\n<meta name=\"robots\" content=\"index, follow, max-snippet:-1, max-image-preview:large, max-video-preview:-1\" \/>\n<link rel=\"canonical\" href=\"https:\/\/pendopharm-gi.com\/fr\/home\/\" \/>\n<meta property=\"og:locale\" content=\"fr_FR\" \/>\n<meta property=\"og:type\" content=\"article\" \/>\n<meta property=\"og:title\" content=\"Home - Pendopharm G.I. Solutions\" \/>\n<meta property=\"og:description\" content=\"[callout1]Pr\u00e9parations pour coloscopies[\/callout1] [one_third] [frame style=\u00a0\u00bbmodern\u00a0\u00bb image_path=\u00a0\u00bbhttp:\/\/www.pendopharm-gi.com\/wp-content\/uploads\/2012\/07\/Bi-peg-thumb-en.png\u00a0\u00bb link_to_page=\u00a0\u00bb\/fr\/bi-peglyte\/\u00a0\u00bb target=\u00a0\u00bb_self\u00a0\u00bb description=\u00a0\u00bb\u00a0\u00bb size=\u00a0\u00bbthree_col_large\u00a0\u00bb] [h4]Bi-PegLyteMD[\/h4] La trousse de pr\u00e9paration intestinale Bi-PegLyte (PEG\u00a03350 et \u00e9lectrolytes pour solution orale et comprim\u00e9s de bisacodyl \u00e0 lib\u00e9ration retard\u00e9e). [button url=\u00a0\u00bb\/fr\/bi-peglyte\/\u00a0\u00bb target=\u00a0\u00bb_self\u00a0\u00bb size=\u00a0\u00bbsmall\u00a0\u00bb style=\u00a0\u00bbcherry\u00a0\u00bb ]En savoir plus[\/button] [\/one_third] [one_third] [frame style=\u00a0\u00bbmodern\u00a0\u00bb image_path=\u00a0\u00bbhttp:\/\/www.pendopharm-gi.com\/wp-content\/uploads\/2012\/07\/Peg-li-thumb.png\u00a0\u00bb link_to_page=\u00a0\u00bb\/fr\/peglyte\/\u00a0\u00bb target=\u00a0\u00bb_self\u00a0\u00bb description=\u00a0\u00bb\u00a0\u00bb size=\u00a0\u00bbthree_col_large\u00a0\u00bb] [h4]PegLyteMD[\/h4] PegLyte est offert en bouteille de&hellip; Lire la suite\" \/>\n<meta property=\"og:url\" content=\"https:\/\/pendopharm-gi.com\/fr\/home\/\" \/>\n<meta property=\"og:site_name\" content=\"Pendopharm G.I. Solutions\" \/>\n<meta property=\"article:modified_time\" content=\"2014-02-11T13:40:32+00:00\" \/>\n<meta name=\"twitter:label1\" content=\"Dur\u00e9e de lecture estim\u00e9e\" \/>\n\t<meta name=\"twitter:data1\" content=\"1 minute\" \/>\n<script type=\"application\/ld+json\" class=\"yoast-schema-graph\">{\"@context\":\"https:\/\/schema.org\",\"@graph\":[{\"@type\":\"WebPage\",\"@id\":\"https:\/\/pendopharm-gi.com\/fr\/home\/\",\"url\":\"https:\/\/pendopharm-gi.com\/fr\/home\/\",\"name\":\"Home - Pendopharm G.I. Solutions\",\"isPartOf\":{\"@id\":\"https:\/\/pendopharm-gi.com\/fr\/#website\"},\"datePublished\":\"2012-01-17T20:41:18+00:00\",\"dateModified\":\"2014-02-11T13:40:32+00:00\",\"breadcrumb\":{\"@id\":\"https:\/\/pendopharm-gi.com\/fr\/home\/#breadcrumb\"},\"inLanguage\":\"fr-FR\",\"potentialAction\":[{\"@type\":\"ReadAction\",\"target\":[\"https:\/\/pendopharm-gi.com\/fr\/home\/\"]}]},{\"@type\":\"BreadcrumbList\",\"@id\":\"https:\/\/pendopharm-gi.com\/fr\/home\/#breadcrumb\",\"itemListElement\":[{\"@type\":\"ListItem\",\"position\":1,\"name\":\"Home\",\"item\":\"https:\/\/pendopharm-gi.com\/fr\/\"},{\"@type\":\"ListItem\",\"position\":2,\"name\":\"Home\"}]},{\"@type\":\"WebSite\",\"@id\":\"https:\/\/pendopharm-gi.com\/fr\/#website\",\"url\":\"https:\/\/pendopharm-gi.com\/fr\/\",\"name\":\"Pendopharm G.I. Solutions\",\"description\":\"\",\"publisher\":{\"@id\":\"https:\/\/pendopharm-gi.com\/fr\/#organization\"},\"potentialAction\":[{\"@type\":\"SearchAction\",\"target\":{\"@type\":\"EntryPoint\",\"urlTemplate\":\"https:\/\/pendopharm-gi.com\/fr\/?s={search_term_string}\"},\"query-input\":{\"@type\":\"PropertyValueSpecification\",\"valueRequired\":true,\"valueName\":\"search_term_string\"}}],\"inLanguage\":\"fr-FR\"},{\"@type\":\"Organization\",\"@id\":\"https:\/\/pendopharm-gi.com\/fr\/#organization\",\"name\":\"Pendopharm G.I. Solutions\",\"url\":\"https:\/\/pendopharm-gi.com\/fr\/\",\"logo\":{\"@type\":\"ImageObject\",\"inLanguage\":\"fr-FR\",\"@id\":\"https:\/\/pendopharm-gi.com\/fr\/#\/schema\/logo\/image\/\",\"url\":\"https:\/\/pendopharm-gi.com\/wp-content\/uploads\/2018\/07\/Logo-header-other.png\",\"contentUrl\":\"https:\/\/pendopharm-gi.com\/wp-content\/uploads\/2018\/07\/Logo-header-other.png\",\"width\":210,\"height\":50,\"caption\":\"Pendopharm G.I. Solutions\"},\"image\":{\"@id\":\"https:\/\/pendopharm-gi.com\/fr\/#\/schema\/logo\/image\/\"}}]}<\/script>\n<!-- \/ Yoast SEO plugin. -->","yoast_head_json":{"title":"Home - Pendopharm G.I. Solutions","robots":{"index":"index","follow":"follow","max-snippet":"max-snippet:-1","max-image-preview":"max-image-preview:large","max-video-preview":"max-video-preview:-1"},"canonical":"https:\/\/pendopharm-gi.com\/fr\/home\/","og_locale":"fr_FR","og_type":"article","og_title":"Home - Pendopharm G.I. Solutions","og_description":"[callout1]Pr\u00e9parations pour coloscopies[\/callout1] [one_third] [frame style=\u00a0\u00bbmodern\u00a0\u00bb image_path=\u00a0\u00bbhttp:\/\/www.pendopharm-gi.com\/wp-content\/uploads\/2012\/07\/Bi-peg-thumb-en.png\u00a0\u00bb link_to_page=\u00a0\u00bb\/fr\/bi-peglyte\/\u00a0\u00bb target=\u00a0\u00bb_self\u00a0\u00bb description=\u00a0\u00bb\u00a0\u00bb size=\u00a0\u00bbthree_col_large\u00a0\u00bb] [h4]Bi-PegLyteMD[\/h4] La trousse de pr\u00e9paration intestinale Bi-PegLyte (PEG\u00a03350 et \u00e9lectrolytes pour solution orale et comprim\u00e9s de bisacodyl \u00e0 lib\u00e9ration retard\u00e9e). [button url=\u00a0\u00bb\/fr\/bi-peglyte\/\u00a0\u00bb target=\u00a0\u00bb_self\u00a0\u00bb size=\u00a0\u00bbsmall\u00a0\u00bb style=\u00a0\u00bbcherry\u00a0\u00bb ]En savoir plus[\/button] [\/one_third] [one_third] [frame style=\u00a0\u00bbmodern\u00a0\u00bb image_path=\u00a0\u00bbhttp:\/\/www.pendopharm-gi.com\/wp-content\/uploads\/2012\/07\/Peg-li-thumb.png\u00a0\u00bb link_to_page=\u00a0\u00bb\/fr\/peglyte\/\u00a0\u00bb target=\u00a0\u00bb_self\u00a0\u00bb description=\u00a0\u00bb\u00a0\u00bb size=\u00a0\u00bbthree_col_large\u00a0\u00bb] [h4]PegLyteMD[\/h4] PegLyte est offert en bouteille de&hellip; Lire la suite","og_url":"https:\/\/pendopharm-gi.com\/fr\/home\/","og_site_name":"Pendopharm G.I. Solutions","article_modified_time":"2014-02-11T13:40:32+00:00","twitter_misc":{"Dur\u00e9e de lecture estim\u00e9e":"1 minute"},"schema":{"@context":"https:\/\/schema.org","@graph":[{"@type":"WebPage","@id":"https:\/\/pendopharm-gi.com\/fr\/home\/","url":"https:\/\/pendopharm-gi.com\/fr\/home\/","name":"Home - Pendopharm G.I. Solutions","isPartOf":{"@id":"https:\/\/pendopharm-gi.com\/fr\/#website"},"datePublished":"2012-01-17T20:41:18+00:00","dateModified":"2014-02-11T13:40:32+00:00","breadcrumb":{"@id":"https:\/\/pendopharm-gi.com\/fr\/home\/#breadcrumb"},"inLanguage":"fr-FR","potentialAction":[{"@type":"ReadAction","target":["https:\/\/pendopharm-gi.com\/fr\/home\/"]}]},{"@type":"BreadcrumbList","@id":"https:\/\/pendopharm-gi.com\/fr\/home\/#breadcrumb","itemListElement":[{"@type":"ListItem","position":1,"name":"Home","item":"https:\/\/pendopharm-gi.com\/fr\/"},{"@type":"ListItem","position":2,"name":"Home"}]},{"@type":"WebSite","@id":"https:\/\/pendopharm-gi.com\/fr\/#website","url":"https:\/\/pendopharm-gi.com\/fr\/","name":"Pendopharm G.I. Solutions","description":"","publisher":{"@id":"https:\/\/pendopharm-gi.com\/fr\/#organization"},"potentialAction":[{"@type":"SearchAction","target":{"@type":"EntryPoint","urlTemplate":"https:\/\/pendopharm-gi.com\/fr\/?s={search_term_string}"},"query-input":{"@type":"PropertyValueSpecification","valueRequired":true,"valueName":"search_term_string"}}],"inLanguage":"fr-FR"},{"@type":"Organization","@id":"https:\/\/pendopharm-gi.com\/fr\/#organization","name":"Pendopharm G.I. Solutions","url":"https:\/\/pendopharm-gi.com\/fr\/","logo":{"@type":"ImageObject","inLanguage":"fr-FR","@id":"https:\/\/pendopharm-gi.com\/fr\/#\/schema\/logo\/image\/","url":"https:\/\/pendopharm-gi.com\/wp-content\/uploads\/2018\/07\/Logo-header-other.png","contentUrl":"https:\/\/pendopharm-gi.com\/wp-content\/uploads\/2018\/07\/Logo-header-other.png","width":210,"height":50,"caption":"Pendopharm G.I. Solutions"},"image":{"@id":"https:\/\/pendopharm-gi.com\/fr\/#\/schema\/logo\/image\/"}}]}},"jetpack_sharing_enabled":true,"_links":{"self":[{"href":"https:\/\/pendopharm-gi.com\/fr\/wp-json\/wp\/v2\/pages\/277","targetHints":{"allow":["GET"]}}],"collection":[{"href":"https:\/\/pendopharm-gi.com\/fr\/wp-json\/wp\/v2\/pages"}],"about":[{"href":"https:\/\/pendopharm-gi.com\/fr\/wp-json\/wp\/v2\/types\/page"}],"author":[{"embeddable":true,"href":"https:\/\/pendopharm-gi.com\/fr\/wp-json\/wp\/v2\/users\/10"}],"replies":[{"embeddable":true,"href":"https:\/\/pendopharm-gi.com\/fr\/wp-json\/wp\/v2\/comments?post=277"}],"version-history":[{"count":85,"href":"https:\/\/pendopharm-gi.com\/fr\/wp-json\/wp\/v2\/pages\/277\/revisions"}],"predecessor-version":[{"id":1656,"href":"https:\/\/pendopharm-gi.com\/fr\/wp-json\/wp\/v2\/pages\/277\/revisions\/1656"}],"wp:attachment":[{"href":"https:\/\/pendopharm-gi.com\/fr\/wp-json\/wp\/v2\/media?parent=277"}],"curies":[{"name":"wp","href":"https:\/\/api.w.org\/{rel}","templated":true}]}}