{"id":1732,"date":"2020-10-09T13:28:09","date_gmt":"2020-10-09T17:28:09","guid":{"rendered":"https:\/\/pendopharm-gi.com\/a-propos\/"},"modified":"2021-04-14T15:22:53","modified_gmt":"2021-04-14T19:22:53","slug":"a-propos","status":"publish","type":"page","link":"https:\/\/pendopharm-gi.com\/fr\/a-propos\/","title":{"rendered":"\u00c0 propos"},"content":{"rendered":"\t\t<div data-elementor-type=\"wp-page\" data-elementor-id=\"1732\" class=\"elementor elementor-1732 elementor-1722\">\n\t\t\t\t\t\t<section class=\"elementor-section elementor-top-section elementor-element elementor-element-5e3c2f5 elementor-section-boxed elementor-section-height-default elementor-section-height-default\" data-id=\"5e3c2f5\" data-element_type=\"section\" data-e-type=\"section\">\n\t\t\t\t\t\t<div class=\"elementor-container elementor-column-gap-default\">\n\t\t\t\t\t<div class=\"elementor-column elementor-col-100 elementor-top-column elementor-element elementor-element-8444bf1\" data-id=\"8444bf1\" data-element_type=\"column\" data-e-type=\"column\">\n\t\t\t<div class=\"elementor-widget-wrap elementor-element-populated\">\n\t\t\t\t\t\t<div class=\"elementor-element elementor-element-aca530e elementor-widget elementor-widget-text-editor\" data-id=\"aca530e\" data-element_type=\"widget\" data-e-type=\"widget\" data-widget_type=\"text-editor.default\">\n\t\t\t\t<div class=\"elementor-widget-container\">\n\t\t\t\t\t\t\t\t\t<p><span style=\"font-size: 24px; color: #43444f;\"><strong>PENDOPHARM SOLUTIONS G.I.<\/strong> clarifie les choses dans le domaine de la gastroent\u00e9rologie.<\/span><\/p>\n<p><\/p>\n<table>\n<tbody>\n<tr>\n<th>Comment ?<\/th>\n<th>Nous offrons aussi litt\u00e9ralement la clart\u00e9 gr\u00e2ce aux produits que nous fabriquons et mettons au point :<\/th>\n<\/tr>\n<tr>\n<th>D&rsquo;abord par l&rsquo;information. Nous \u00e9duquons afin de favoriser le diagnostic pr\u00e9coce et d&rsquo;am\u00e9liorer le traitement des maladies gastro-intestinales (G.I.) graves, comme le cancer du c\u00f4lon.<\/th>\n<th>Notre gamme compl\u00e8te de solutions et de laxatifs de pr\u00e9paration contribue \u00e0 assurer la propret\u00e9 du c\u00f4lon\u2026 et des images claires pour les coloscopies.<\/th>\n<\/tr>\n<tr>\n<th>Nous transmettons aussi notre savoir pour que nos solutions soient utilis\u00e9es correctement et se traduisent par une efficacit\u00e9 et une innocuit\u00e9 maximales.<\/th>\n<th>Enfin, nous avons une vision bien d\u00e9finie et sommes d\u00e9termin\u00e9s \u00e0 toujours chercher de meilleures solutions en sant\u00e9 gastro-intestinale en proposant produits et soutien.<\/th>\n<\/tr>\n<\/tbody>\n<\/table>\n<h3>Plan du Site<\/h3>\n<div style=\"text-align: center;\"><a href=\"http:\/\/pendopharm-gi.com\/fr\/\">ACCUEIL<\/a>&nbsp;&nbsp;<a style=\"font-family: 'Open Sans', sans-serif; line-height: 22.4px;\" href=\"http:\/\/pendopharm-gi.com\/fr\/a-propos\/\">\u00c0 PROPOS<\/a>&nbsp;&nbsp;<a style=\"font-family: 'Open Sans', sans-serif; line-height: 22.4px;\" href=\"http:\/\/pendopharm-gi.com\/fr\/maladies\/\">MALADIES<\/a>&nbsp;&nbsp;<a style=\"font-family: 'Open Sans', sans-serif; line-height: 22.4px;\" href=\"http:\/\/pendopharm-gi.com\/fr\/solutions\/\">SOLUTIONS<\/a>&nbsp;&nbsp;<a style=\"font-family: 'Open Sans', sans-serif; line-height: 22.4px;\" href=\"http:\/\/pendopharm-gi.com\/fr\/references\/\">R\u00c9F\u00c9RENCES<\/a>&nbsp;&nbsp;<a href=\"http:\/\/pendopharm-gi.com\/fr\/liens\/\" style=\"font-weight: var( --e-global-typography-text-font-weight ); color: rgb(46, 188, 252); font-family: &quot;Open Sans&quot;, sans-serif; line-height: 22.4px;\">LIENS<\/a>&nbsp;&nbsp;<a href=\"http:\/\/pendopharm-gi.com\/fr\/contact\/\" style=\"font-weight: var( --e-global-typography-text-font-weight ); font-family: &quot;Open Sans&quot;, sans-serif; line-height: 22.4px;\">CONTACT<\/a><span style=\"color: var( --e-global-color-text ); font-family: var( --e-global-typography-text-font-family ), Sans-serif; font-weight: var( --e-global-typography-text-font-weight );\">&nbsp;<\/span><\/div>\t\t\t\t\t\t\t\t<\/div>\n\t\t\t\t<\/div>\n\t\t\t\t\t<\/div>\n\t\t<\/div>\n\t\t\t\t\t<\/div>\n\t\t<\/section>\n\t\t\t\t<\/div>\n\t\t","protected":false},"excerpt":{"rendered":"<p>PENDOPHARM SOLUTIONS G.I. clarifie les choses dans le domaine de la gastroent\u00e9rologie. Comment ? Nous offrons aussi litt\u00e9ralement la clart\u00e9 gr\u00e2ce aux produits que nous fabriquons et mettons au point : D&rsquo;abord par l&rsquo;information. Nous \u00e9duquons afin de favoriser le diagnostic pr\u00e9coce et d&rsquo;am\u00e9liorer le traitement des maladies gastro-intestinales (G.I.) graves, comme le cancer du&hellip; <br \/> <a class=\"read-more\" href=\"https:\/\/pendopharm-gi.com\/fr\/a-propos\/\">Lire la suite<\/a><\/p>\n","protected":false},"author":10,"featured_media":0,"parent":0,"menu_order":0,"comment_status":"closed","ping_status":"closed","template":"","meta":{"footnotes":""},"class_list":["post-1732","page","type-page","status-publish","hentry"],"yoast_head":"<!-- This site is optimized with the Yoast SEO plugin v26.9 - https:\/\/yoast.com\/product\/yoast-seo-wordpress\/ -->\n<title>\u00c0 propos - Pendopharm G.I. Solutions<\/title>\n<meta name=\"robots\" content=\"index, follow, max-snippet:-1, max-image-preview:large, max-video-preview:-1\" \/>\n<link rel=\"canonical\" href=\"https:\/\/pendopharm-gi.com\/fr\/a-propos\/\" \/>\n<meta property=\"og:locale\" content=\"fr_FR\" \/>\n<meta property=\"og:type\" content=\"article\" \/>\n<meta property=\"og:title\" content=\"\u00c0 propos - Pendopharm G.I. Solutions\" \/>\n<meta property=\"og:description\" content=\"PENDOPHARM SOLUTIONS G.I. clarifie les choses dans le domaine de la gastroent\u00e9rologie. Comment ? Nous offrons aussi litt\u00e9ralement la clart\u00e9 gr\u00e2ce aux produits que nous fabriquons et mettons au point : D&rsquo;abord par l&rsquo;information. Nous \u00e9duquons afin de favoriser le diagnostic pr\u00e9coce et d&rsquo;am\u00e9liorer le traitement des maladies gastro-intestinales (G.I.) graves, comme le cancer du&hellip; Lire la suite\" \/>\n<meta property=\"og:url\" content=\"https:\/\/pendopharm-gi.com\/fr\/a-propos\/\" \/>\n<meta property=\"og:site_name\" content=\"Pendopharm G.I. Solutions\" \/>\n<meta property=\"article:modified_time\" content=\"2021-04-14T19:22:53+00:00\" \/>\n<meta name=\"twitter:label1\" content=\"Dur\u00e9e de lecture estim\u00e9e\" \/>\n\t<meta name=\"twitter:data1\" content=\"1 minute\" \/>\n<script type=\"application\/ld+json\" class=\"yoast-schema-graph\">{\"@context\":\"https:\/\/schema.org\",\"@graph\":[{\"@type\":\"WebPage\",\"@id\":\"https:\/\/pendopharm-gi.com\/fr\/a-propos\/\",\"url\":\"https:\/\/pendopharm-gi.com\/fr\/a-propos\/\",\"name\":\"\u00c0 propos - Pendopharm G.I. Solutions\",\"isPartOf\":{\"@id\":\"https:\/\/pendopharm-gi.com\/fr\/#website\"},\"datePublished\":\"2020-10-09T17:28:09+00:00\",\"dateModified\":\"2021-04-14T19:22:53+00:00\",\"breadcrumb\":{\"@id\":\"https:\/\/pendopharm-gi.com\/fr\/a-propos\/#breadcrumb\"},\"inLanguage\":\"fr-FR\",\"potentialAction\":[{\"@type\":\"ReadAction\",\"target\":[\"https:\/\/pendopharm-gi.com\/fr\/a-propos\/\"]}]},{\"@type\":\"BreadcrumbList\",\"@id\":\"https:\/\/pendopharm-gi.com\/fr\/a-propos\/#breadcrumb\",\"itemListElement\":[{\"@type\":\"ListItem\",\"position\":1,\"name\":\"Home\",\"item\":\"https:\/\/pendopharm-gi.com\/fr\/\"},{\"@type\":\"ListItem\",\"position\":2,\"name\":\"\u00c0 propos\"}]},{\"@type\":\"WebSite\",\"@id\":\"https:\/\/pendopharm-gi.com\/fr\/#website\",\"url\":\"https:\/\/pendopharm-gi.com\/fr\/\",\"name\":\"Pendopharm G.I. Solutions\",\"description\":\"\",\"publisher\":{\"@id\":\"https:\/\/pendopharm-gi.com\/fr\/#organization\"},\"potentialAction\":[{\"@type\":\"SearchAction\",\"target\":{\"@type\":\"EntryPoint\",\"urlTemplate\":\"https:\/\/pendopharm-gi.com\/fr\/?s={search_term_string}\"},\"query-input\":{\"@type\":\"PropertyValueSpecification\",\"valueRequired\":true,\"valueName\":\"search_term_string\"}}],\"inLanguage\":\"fr-FR\"},{\"@type\":\"Organization\",\"@id\":\"https:\/\/pendopharm-gi.com\/fr\/#organization\",\"name\":\"Pendopharm G.I. Solutions\",\"url\":\"https:\/\/pendopharm-gi.com\/fr\/\",\"logo\":{\"@type\":\"ImageObject\",\"inLanguage\":\"fr-FR\",\"@id\":\"https:\/\/pendopharm-gi.com\/fr\/#\/schema\/logo\/image\/\",\"url\":\"https:\/\/pendopharm-gi.com\/wp-content\/uploads\/2018\/07\/Logo-header-other.png\",\"contentUrl\":\"https:\/\/pendopharm-gi.com\/wp-content\/uploads\/2018\/07\/Logo-header-other.png\",\"width\":210,\"height\":50,\"caption\":\"Pendopharm G.I. Solutions\"},\"image\":{\"@id\":\"https:\/\/pendopharm-gi.com\/fr\/#\/schema\/logo\/image\/\"}}]}<\/script>\n<!-- \/ Yoast SEO plugin. -->","yoast_head_json":{"title":"\u00c0 propos - Pendopharm G.I. Solutions","robots":{"index":"index","follow":"follow","max-snippet":"max-snippet:-1","max-image-preview":"max-image-preview:large","max-video-preview":"max-video-preview:-1"},"canonical":"https:\/\/pendopharm-gi.com\/fr\/a-propos\/","og_locale":"fr_FR","og_type":"article","og_title":"\u00c0 propos - Pendopharm G.I. Solutions","og_description":"PENDOPHARM SOLUTIONS G.I. clarifie les choses dans le domaine de la gastroent\u00e9rologie. Comment ? Nous offrons aussi litt\u00e9ralement la clart\u00e9 gr\u00e2ce aux produits que nous fabriquons et mettons au point : D&rsquo;abord par l&rsquo;information. Nous \u00e9duquons afin de favoriser le diagnostic pr\u00e9coce et d&rsquo;am\u00e9liorer le traitement des maladies gastro-intestinales (G.I.) graves, comme le cancer du&hellip; Lire la suite","og_url":"https:\/\/pendopharm-gi.com\/fr\/a-propos\/","og_site_name":"Pendopharm G.I. Solutions","article_modified_time":"2021-04-14T19:22:53+00:00","twitter_misc":{"Dur\u00e9e de lecture estim\u00e9e":"1 minute"},"schema":{"@context":"https:\/\/schema.org","@graph":[{"@type":"WebPage","@id":"https:\/\/pendopharm-gi.com\/fr\/a-propos\/","url":"https:\/\/pendopharm-gi.com\/fr\/a-propos\/","name":"\u00c0 propos - Pendopharm G.I. Solutions","isPartOf":{"@id":"https:\/\/pendopharm-gi.com\/fr\/#website"},"datePublished":"2020-10-09T17:28:09+00:00","dateModified":"2021-04-14T19:22:53+00:00","breadcrumb":{"@id":"https:\/\/pendopharm-gi.com\/fr\/a-propos\/#breadcrumb"},"inLanguage":"fr-FR","potentialAction":[{"@type":"ReadAction","target":["https:\/\/pendopharm-gi.com\/fr\/a-propos\/"]}]},{"@type":"BreadcrumbList","@id":"https:\/\/pendopharm-gi.com\/fr\/a-propos\/#breadcrumb","itemListElement":[{"@type":"ListItem","position":1,"name":"Home","item":"https:\/\/pendopharm-gi.com\/fr\/"},{"@type":"ListItem","position":2,"name":"\u00c0 propos"}]},{"@type":"WebSite","@id":"https:\/\/pendopharm-gi.com\/fr\/#website","url":"https:\/\/pendopharm-gi.com\/fr\/","name":"Pendopharm G.I. Solutions","description":"","publisher":{"@id":"https:\/\/pendopharm-gi.com\/fr\/#organization"},"potentialAction":[{"@type":"SearchAction","target":{"@type":"EntryPoint","urlTemplate":"https:\/\/pendopharm-gi.com\/fr\/?s={search_term_string}"},"query-input":{"@type":"PropertyValueSpecification","valueRequired":true,"valueName":"search_term_string"}}],"inLanguage":"fr-FR"},{"@type":"Organization","@id":"https:\/\/pendopharm-gi.com\/fr\/#organization","name":"Pendopharm G.I. Solutions","url":"https:\/\/pendopharm-gi.com\/fr\/","logo":{"@type":"ImageObject","inLanguage":"fr-FR","@id":"https:\/\/pendopharm-gi.com\/fr\/#\/schema\/logo\/image\/","url":"https:\/\/pendopharm-gi.com\/wp-content\/uploads\/2018\/07\/Logo-header-other.png","contentUrl":"https:\/\/pendopharm-gi.com\/wp-content\/uploads\/2018\/07\/Logo-header-other.png","width":210,"height":50,"caption":"Pendopharm G.I. Solutions"},"image":{"@id":"https:\/\/pendopharm-gi.com\/fr\/#\/schema\/logo\/image\/"}}]}},"jetpack_sharing_enabled":true,"_links":{"self":[{"href":"https:\/\/pendopharm-gi.com\/fr\/wp-json\/wp\/v2\/pages\/1732","targetHints":{"allow":["GET"]}}],"collection":[{"href":"https:\/\/pendopharm-gi.com\/fr\/wp-json\/wp\/v2\/pages"}],"about":[{"href":"https:\/\/pendopharm-gi.com\/fr\/wp-json\/wp\/v2\/types\/page"}],"author":[{"embeddable":true,"href":"https:\/\/pendopharm-gi.com\/fr\/wp-json\/wp\/v2\/users\/10"}],"replies":[{"embeddable":true,"href":"https:\/\/pendopharm-gi.com\/fr\/wp-json\/wp\/v2\/comments?post=1732"}],"version-history":[{"count":5,"href":"https:\/\/pendopharm-gi.com\/fr\/wp-json\/wp\/v2\/pages\/1732\/revisions"}],"predecessor-version":[{"id":1747,"href":"https:\/\/pendopharm-gi.com\/fr\/wp-json\/wp\/v2\/pages\/1732\/revisions\/1747"}],"wp:attachment":[{"href":"https:\/\/pendopharm-gi.com\/fr\/wp-json\/wp\/v2\/media?parent=1732"}],"curies":[{"name":"wp","href":"https:\/\/api.w.org\/{rel}","templated":true}]}}