{"id":1433,"date":"2018-07-30T13:29:17","date_gmt":"2018-07-30T17:29:17","guid":{"rendered":"http:\/\/pendopharm-gi.com\/?page_id=1433"},"modified":"2024-03-27T10:14:30","modified_gmt":"2024-03-27T14:14:30","slug":"daccueil","status":"publish","type":"page","link":"https:\/\/pendopharm-gi.com\/fr\/","title":{"rendered":"D&rsquo;accueil"},"content":{"rendered":"\t\t<div data-elementor-type=\"wp-post\" data-elementor-id=\"1433\" class=\"elementor elementor-1433 elementor-1285\">\n\t\t\t\t\t\t<section class=\"elementor-section elementor-top-section elementor-element elementor-element-ea1f9ae elementor-section-boxed elementor-section-height-default elementor-section-height-default\" data-id=\"ea1f9ae\" data-element_type=\"section\" data-e-type=\"section\">\n\t\t\t\t\t\t<div class=\"elementor-container elementor-column-gap-default\">\n\t\t\t\t\t<div class=\"elementor-column elementor-col-100 elementor-top-column elementor-element elementor-element-5f916f89\" data-id=\"5f916f89\" data-element_type=\"column\" data-e-type=\"column\">\n\t\t\t<div class=\"elementor-widget-wrap elementor-element-populated\">\n\t\t\t\t\t\t<div class=\"elementor-element elementor-element-20d527f elementor-invisible elementor-widget elementor-widget-text-editor\" data-id=\"20d527f\" data-element_type=\"widget\" data-e-type=\"widget\" data-settings=\"{&quot;_animation&quot;:&quot;slideInLeft&quot;}\" data-widget_type=\"text-editor.default\">\n\t\t\t\t<div class=\"elementor-widget-container\">\n\t\t\t\t\t\t\t\t\t<div id=\"content-1\" class=\"content-3 content-section content-section-spacing\" style=\"background-color: #ffffff;\" data-label=\"Content\" data-id=\"content--1\" data-export-id=\"content-3\" data-category=\"content\">\n    <div>\n        <div class=\"row middle-xs\">\n            <div class=\"col-sm-7 full-col-left-padding full-col-right-padding\">\n                <div class=\"row\">\n                    <div class=\"space-bottom-small content-title-col\" data-type=\"column\">\n                        <h2 class=\"\">PENDOPHARM SOLUTIONS G.I.<\/h2>\n                        <p class=\"\">Nous clarifions les choses dans le domaine de la gastroent\u00e9rologie.<\/p>\n                        <p>Nous transmettons aussi notre savoir pour que nos solutions soient utilis\u00e9es correctement et se traduisent par une efficacit\u00e9 et une innocuit\u00e9 maximales.<\/p>\n                        <h3 class=\"\">Pr\u00e9parations pour coloscopies<\/h3>\n                    <\/div>\n                <\/div>\n                <div class=\"row spaced-cols\" data-type=\"row\">\n                    <div class=\"col-xs-6\" data-type=\"column\">\n                        <h5 class=\"\">Bi-PegLyte<sup>MD<\/sup><\/h5>\n                        <p><img decoding=\"async\" class=\"custom-image\" title=\"Bi-peg-thumb-fr\" src=\"http:\/\/pendopharm-gi.com\/wp-content\/uploads\/2012\/07\/Bi-peg-thumb-fr.png\" alt=\"\"><\/p>\n                        <p class=\"\"><span style=\"color: #484848; font-family: 'helvetica neue', Helvetica, Arial, Verdana, sans-serif; font-size: 12px;\">La trousse de pr\u00e9paration intestinale Bi-PegLyte (PEG\u00a03350 et \u00e9lectrolytes pour solution orale et comprim\u00e9s de bisacodyl \u00e0 lib\u00e9ration retard\u00e9e).<\/span><\/p>\n                        <p><a class=\"button blue\" href=\"https:\/\/pendopharm-gi.com\/fr\/bi-peglyte\/\" target=\"_self\" data-cp-link=\"1\">en savoir plus<\/a><\/p>\n                    <\/div>\n                    <div class=\"col-xs-6\" data-type=\"column\">\n                        <h5 class=\"\">PegLyte<sup>MD<\/sup><\/h5>\n                        <p><img decoding=\"async\" class=\"custom-image\" title=\"Peg-li-thumb\" src=\"http:\/\/pendopharm-gi.com\/wp-content\/uploads\/2012\/07\/Peg-li-thumb.png\" alt=\"\"><\/p>\n                        <p class=\"\"><span style=\"color: #484848; font-family: 'helvetica neue', Helvetica, Arial, Verdana, sans-serif; font-size: 12px;\">PegLyte est offert en bouteille de 280 g ou en bo\u00eete de 4 sachets de 70 g de PEG 3350 et \u00e9lectrolytes \u00e0 dissoudre dans 4 litres d\u2019eau\u00a0<\/span><\/p>\n                        <p><a class=\"button blue\" href=\"http:\/\/pendopharm-gi.com\/fr\/peglyte\/\" target=\"_self\" data-cp-link=\"1\">en savoir plus<\/a><\/p>\n                    <\/div>\n                    <div class=\"col-xs-6\" data-type=\"column\">\n                        <h5 class=\"\">CoLyte<sup>MD<\/sup><\/h5>\n                        <p><img decoding=\"async\" class=\"custom-image\" title=\"Co-li-thumb\" src=\"http:\/\/pendopharm-gi.com\/wp-content\/uploads\/2012\/07\/Co-li-thumb1.png\" alt=\"\"><\/p>\n                        <p class=\"\"><span style=\"color: #484848; font-family: 'helvetica neue', Helvetica, Arial, Verdana, sans-serif; font-size: 12px;\">CoLyte est offert en bouteille grand format contenant 278\u00a0g de poudre de PEG\u00a03350 et \u00e9lectrolytes \u00e0 dissoudre dans 4\u00a0litres d\u2019eau.<\/span><\/p>\n                        <p><a class=\"button blue\" href=\"http:\/\/pendopharm-gi.com\/fr\/colyte\/\" target=\"_self\" data-cp-link=\"1\">en savoir plus<\/a><\/p>\n                    <\/div>\n                <\/div>\n            <\/div>\n            <div class=\"col-sm-5 bg-image shadow-large-black revert-classes-holder\" style=\"background-image: url('http:\/\/pendopharm-gi.com\/wp-content\/uploads\/2018\/07\/adult-biology-chemical-356040.jpg');\" data-bg=\"image\">\u00a0<\/div>\n        <\/div>\n    <\/div>\n<\/div>\t\t\t\t\t\t\t\t<\/div>\n\t\t\t\t<\/div>\n\t\t\t\t\t<\/div>\n\t\t<\/div>\n\t\t\t\t\t<\/div>\n\t\t<\/section>\n\t\t\t\t<section class=\"elementor-section elementor-top-section elementor-element elementor-element-041501e elementor-section-boxed elementor-section-height-default elementor-section-height-default\" data-id=\"041501e\" data-element_type=\"section\" data-e-type=\"section\">\n\t\t\t\t\t\t<div class=\"elementor-container elementor-column-gap-default\">\n\t\t\t\t\t<div class=\"elementor-column elementor-col-100 elementor-top-column elementor-element elementor-element-e2ef190\" data-id=\"e2ef190\" data-element_type=\"column\" data-e-type=\"column\">\n\t\t\t<div class=\"elementor-widget-wrap elementor-element-populated\">\n\t\t\t\t\t\t<div class=\"elementor-element elementor-element-7d5f5ed elementor-invisible elementor-widget elementor-widget-heading\" data-id=\"7d5f5ed\" data-element_type=\"widget\" data-e-type=\"widget\" data-settings=\"{&quot;_animation&quot;:&quot;zoomIn&quot;}\" data-widget_type=\"heading.default\">\n\t\t\t\t<div class=\"elementor-widget-container\">\n\t\t\t\t\t<h2 class=\"elementor-heading-title elementor-size-default\">CONTACTEZ-NOUS<br><br><\/h2>\t\t\t\t<\/div>\n\t\t\t\t<\/div>\n\t\t\t\t\t<\/div>\n\t\t<\/div>\n\t\t\t\t\t<\/div>\n\t\t<\/section>\n\t\t\t\t<section class=\"elementor-section elementor-top-section elementor-element elementor-element-43f31d0 elementor-section-boxed elementor-section-height-default elementor-section-height-default\" data-id=\"43f31d0\" data-element_type=\"section\" data-e-type=\"section\">\n\t\t\t\t\t\t<div class=\"elementor-container elementor-column-gap-default\">\n\t\t\t\t\t<div class=\"elementor-column elementor-col-50 elementor-top-column elementor-element elementor-element-1d2b00f\" data-id=\"1d2b00f\" data-element_type=\"column\" data-e-type=\"column\">\n\t\t\t<div class=\"elementor-widget-wrap elementor-element-populated\">\n\t\t\t\t\t\t<div class=\"elementor-element elementor-element-f87133d elementor-widget elementor-widget-text-editor\" data-id=\"f87133d\" data-element_type=\"widget\" data-e-type=\"widget\" data-widget_type=\"text-editor.default\">\n\t\t\t\t<div class=\"elementor-widget-container\">\n\t\t\t\t\t\t\t\t\t<table style=\"width: 1120px; background-color: rgb(245, 250, 253);\">\n<tbody>\n<tr>\n<th>\n<h2 class=\"titreContact\">Adresse<\/h2>\n<\/th>\n<\/tr>\n<tr>\n<td>6111 Royalmount<\/td>\n<\/tr>\n<tr>\n<td>Montr\u00e9al, Qu\u00e9bec H4P 2T4<\/td>\n<\/tr>\n<tr>\n<td>Canada<\/td>\n<\/tr>\n<\/tbody>\n<\/table>\t\t\t\t\t\t\t\t<\/div>\n\t\t\t\t<\/div>\n\t\t\t\t\t<\/div>\n\t\t<\/div>\n\t\t\t\t<div class=\"elementor-column elementor-col-50 elementor-top-column elementor-element elementor-element-d9b749f\" data-id=\"d9b749f\" data-element_type=\"column\" data-e-type=\"column\">\n\t\t\t<div class=\"elementor-widget-wrap elementor-element-populated\">\n\t\t\t\t\t\t<div class=\"elementor-element elementor-element-2b5c16d elementor-widget elementor-widget-image\" data-id=\"2b5c16d\" data-element_type=\"widget\" data-e-type=\"widget\" data-widget_type=\"image.default\">\n\t\t\t\t<div class=\"elementor-widget-container\">\n\t\t\t\t\t\t\t\t\t\t\t\t\t\t\t\t<a href=\"https:\/\/maps.app.goo.gl\/F8aiYiedYhNpyMno6\" target=\"_blank\">\n\t\t\t\t\t\t\t<img fetchpriority=\"high\" decoding=\"async\" width=\"2211\" height=\"1403\" src=\"https:\/\/pendopharm-gi.com\/wp-content\/uploads\/2024\/03\/pharmascience-carte-small.png\" class=\"attachment-full size-full wp-image-1931\" alt=\"\" srcset=\"https:\/\/pendopharm-gi.com\/wp-content\/uploads\/2024\/03\/pharmascience-carte-small.png 2211w, https:\/\/pendopharm-gi.com\/wp-content\/uploads\/2024\/03\/pharmascience-carte-small-300x190.png 300w, https:\/\/pendopharm-gi.com\/wp-content\/uploads\/2024\/03\/pharmascience-carte-small-1024x650.png 1024w, https:\/\/pendopharm-gi.com\/wp-content\/uploads\/2024\/03\/pharmascience-carte-small-768x487.png 768w, https:\/\/pendopharm-gi.com\/wp-content\/uploads\/2024\/03\/pharmascience-carte-small-1536x975.png 1536w, https:\/\/pendopharm-gi.com\/wp-content\/uploads\/2024\/03\/pharmascience-carte-small-2048x1300.png 2048w, https:\/\/pendopharm-gi.com\/wp-content\/uploads\/2024\/03\/pharmascience-carte-small-1702x1080.png 1702w\" sizes=\"(max-width: 2211px) 100vw, 2211px\" \/>\t\t\t\t\t\t\t\t<\/a>\n\t\t\t\t\t\t\t\t\t\t\t\t\t\t\t<\/div>\n\t\t\t\t<\/div>\n\t\t\t\t\t<\/div>\n\t\t<\/div>\n\t\t\t\t\t<\/div>\n\t\t<\/section>\n\t\t\t\t<\/div>\n\t\t","protected":false},"excerpt":{"rendered":"<p>PENDOPHARM SOLUTIONS G.I. Nous clarifions les choses dans le domaine de la gastroent\u00e9rologie. Nous transmettons aussi notre savoir pour que nos solutions soient utilis\u00e9es correctement et se traduisent par une efficacit\u00e9 et une innocuit\u00e9 maximales. Pr\u00e9parations pour coloscopies Bi-PegLyteMD La trousse de pr\u00e9paration intestinale Bi-PegLyte (PEG\u00a03350 et \u00e9lectrolytes pour solution orale et comprim\u00e9s de bisacodyl&hellip; <br \/> <a class=\"read-more\" href=\"https:\/\/pendopharm-gi.com\/fr\/\">Lire la suite<\/a><\/p>\n","protected":false},"author":10,"featured_media":0,"parent":0,"menu_order":0,"comment_status":"closed","ping_status":"closed","template":"page-templates\/homepage.php","meta":{"footnotes":""},"class_list":["post-1433","page","type-page","status-publish","hentry"],"yoast_head":"<!-- This site is optimized with the Yoast SEO plugin v26.9 - https:\/\/yoast.com\/product\/yoast-seo-wordpress\/ -->\n<title>D&#039;accueil - Pendopharm G.I. Solutions<\/title>\n<meta name=\"robots\" content=\"index, follow, max-snippet:-1, max-image-preview:large, max-video-preview:-1\" \/>\n<link rel=\"canonical\" href=\"https:\/\/pendopharm-gi.com\/fr\/\" \/>\n<meta property=\"og:locale\" content=\"fr_FR\" \/>\n<meta property=\"og:type\" content=\"article\" \/>\n<meta property=\"og:title\" content=\"D&#039;accueil - Pendopharm G.I. Solutions\" \/>\n<meta property=\"og:description\" content=\"PENDOPHARM SOLUTIONS G.I. Nous clarifions les choses dans le domaine de la gastroent\u00e9rologie. Nous transmettons aussi notre savoir pour que nos solutions soient utilis\u00e9es correctement et se traduisent par une efficacit\u00e9 et une innocuit\u00e9 maximales. Pr\u00e9parations pour coloscopies Bi-PegLyteMD La trousse de pr\u00e9paration intestinale Bi-PegLyte (PEG\u00a03350 et \u00e9lectrolytes pour solution orale et comprim\u00e9s de bisacodyl&hellip; Lire la suite\" \/>\n<meta property=\"og:url\" content=\"https:\/\/pendopharm-gi.com\/fr\/\" \/>\n<meta property=\"og:site_name\" content=\"Pendopharm G.I. Solutions\" \/>\n<meta property=\"article:modified_time\" content=\"2024-03-27T14:14:30+00:00\" \/>\n<meta property=\"og:image\" content=\"http:\/\/pendopharm-gi.com\/wp-content\/uploads\/2012\/07\/Bi-peg-thumb-fr.png\" \/>\n<meta name=\"twitter:label1\" content=\"Dur\u00e9e de lecture estim\u00e9e\" \/>\n\t<meta name=\"twitter:data1\" content=\"2 minutes\" \/>\n<script type=\"application\/ld+json\" class=\"yoast-schema-graph\">{\"@context\":\"https:\/\/schema.org\",\"@graph\":[{\"@type\":\"WebPage\",\"@id\":\"https:\/\/pendopharm-gi.com\/fr\/\",\"url\":\"https:\/\/pendopharm-gi.com\/fr\/\",\"name\":\"D'accueil - Pendopharm G.I. Solutions\",\"isPartOf\":{\"@id\":\"https:\/\/pendopharm-gi.com\/fr\/#website\"},\"primaryImageOfPage\":{\"@id\":\"https:\/\/pendopharm-gi.com\/fr\/#primaryimage\"},\"image\":{\"@id\":\"https:\/\/pendopharm-gi.com\/fr\/#primaryimage\"},\"thumbnailUrl\":\"http:\/\/pendopharm-gi.com\/wp-content\/uploads\/2012\/07\/Bi-peg-thumb-fr.png\",\"datePublished\":\"2018-07-30T17:29:17+00:00\",\"dateModified\":\"2024-03-27T14:14:30+00:00\",\"breadcrumb\":{\"@id\":\"https:\/\/pendopharm-gi.com\/fr\/#breadcrumb\"},\"inLanguage\":\"fr-FR\",\"potentialAction\":[{\"@type\":\"ReadAction\",\"target\":[\"https:\/\/pendopharm-gi.com\/fr\/\"]}]},{\"@type\":\"ImageObject\",\"inLanguage\":\"fr-FR\",\"@id\":\"https:\/\/pendopharm-gi.com\/fr\/#primaryimage\",\"url\":\"http:\/\/pendopharm-gi.com\/wp-content\/uploads\/2012\/07\/Bi-peg-thumb-fr.png\",\"contentUrl\":\"http:\/\/pendopharm-gi.com\/wp-content\/uploads\/2012\/07\/Bi-peg-thumb-fr.png\"},{\"@type\":\"BreadcrumbList\",\"@id\":\"https:\/\/pendopharm-gi.com\/fr\/#breadcrumb\",\"itemListElement\":[{\"@type\":\"ListItem\",\"position\":1,\"name\":\"Home\",\"item\":\"https:\/\/pendopharm-gi.com\/fr\/\"},{\"@type\":\"ListItem\",\"position\":2,\"name\":\"D&#8217;accueil\"}]},{\"@type\":\"WebSite\",\"@id\":\"https:\/\/pendopharm-gi.com\/fr\/#website\",\"url\":\"https:\/\/pendopharm-gi.com\/fr\/\",\"name\":\"Pendopharm G.I. Solutions\",\"description\":\"\",\"publisher\":{\"@id\":\"https:\/\/pendopharm-gi.com\/fr\/#organization\"},\"potentialAction\":[{\"@type\":\"SearchAction\",\"target\":{\"@type\":\"EntryPoint\",\"urlTemplate\":\"https:\/\/pendopharm-gi.com\/fr\/?s={search_term_string}\"},\"query-input\":{\"@type\":\"PropertyValueSpecification\",\"valueRequired\":true,\"valueName\":\"search_term_string\"}}],\"inLanguage\":\"fr-FR\"},{\"@type\":\"Organization\",\"@id\":\"https:\/\/pendopharm-gi.com\/fr\/#organization\",\"name\":\"Pendopharm G.I. Solutions\",\"url\":\"https:\/\/pendopharm-gi.com\/fr\/\",\"logo\":{\"@type\":\"ImageObject\",\"inLanguage\":\"fr-FR\",\"@id\":\"https:\/\/pendopharm-gi.com\/fr\/#\/schema\/logo\/image\/\",\"url\":\"https:\/\/pendopharm-gi.com\/wp-content\/uploads\/2018\/07\/Logo-header-other.png\",\"contentUrl\":\"https:\/\/pendopharm-gi.com\/wp-content\/uploads\/2018\/07\/Logo-header-other.png\",\"width\":210,\"height\":50,\"caption\":\"Pendopharm G.I. Solutions\"},\"image\":{\"@id\":\"https:\/\/pendopharm-gi.com\/fr\/#\/schema\/logo\/image\/\"}}]}<\/script>\n<!-- \/ Yoast SEO plugin. -->","yoast_head_json":{"title":"D'accueil - Pendopharm G.I. Solutions","robots":{"index":"index","follow":"follow","max-snippet":"max-snippet:-1","max-image-preview":"max-image-preview:large","max-video-preview":"max-video-preview:-1"},"canonical":"https:\/\/pendopharm-gi.com\/fr\/","og_locale":"fr_FR","og_type":"article","og_title":"D'accueil - Pendopharm G.I. Solutions","og_description":"PENDOPHARM SOLUTIONS G.I. Nous clarifions les choses dans le domaine de la gastroent\u00e9rologie. Nous transmettons aussi notre savoir pour que nos solutions soient utilis\u00e9es correctement et se traduisent par une efficacit\u00e9 et une innocuit\u00e9 maximales. Pr\u00e9parations pour coloscopies Bi-PegLyteMD La trousse de pr\u00e9paration intestinale Bi-PegLyte (PEG\u00a03350 et \u00e9lectrolytes pour solution orale et comprim\u00e9s de bisacodyl&hellip; Lire la suite","og_url":"https:\/\/pendopharm-gi.com\/fr\/","og_site_name":"Pendopharm G.I. Solutions","article_modified_time":"2024-03-27T14:14:30+00:00","og_image":[{"url":"http:\/\/pendopharm-gi.com\/wp-content\/uploads\/2012\/07\/Bi-peg-thumb-fr.png","type":"","width":"","height":""}],"twitter_misc":{"Dur\u00e9e de lecture estim\u00e9e":"2 minutes"},"schema":{"@context":"https:\/\/schema.org","@graph":[{"@type":"WebPage","@id":"https:\/\/pendopharm-gi.com\/fr\/","url":"https:\/\/pendopharm-gi.com\/fr\/","name":"D'accueil - Pendopharm G.I. Solutions","isPartOf":{"@id":"https:\/\/pendopharm-gi.com\/fr\/#website"},"primaryImageOfPage":{"@id":"https:\/\/pendopharm-gi.com\/fr\/#primaryimage"},"image":{"@id":"https:\/\/pendopharm-gi.com\/fr\/#primaryimage"},"thumbnailUrl":"http:\/\/pendopharm-gi.com\/wp-content\/uploads\/2012\/07\/Bi-peg-thumb-fr.png","datePublished":"2018-07-30T17:29:17+00:00","dateModified":"2024-03-27T14:14:30+00:00","breadcrumb":{"@id":"https:\/\/pendopharm-gi.com\/fr\/#breadcrumb"},"inLanguage":"fr-FR","potentialAction":[{"@type":"ReadAction","target":["https:\/\/pendopharm-gi.com\/fr\/"]}]},{"@type":"ImageObject","inLanguage":"fr-FR","@id":"https:\/\/pendopharm-gi.com\/fr\/#primaryimage","url":"http:\/\/pendopharm-gi.com\/wp-content\/uploads\/2012\/07\/Bi-peg-thumb-fr.png","contentUrl":"http:\/\/pendopharm-gi.com\/wp-content\/uploads\/2012\/07\/Bi-peg-thumb-fr.png"},{"@type":"BreadcrumbList","@id":"https:\/\/pendopharm-gi.com\/fr\/#breadcrumb","itemListElement":[{"@type":"ListItem","position":1,"name":"Home","item":"https:\/\/pendopharm-gi.com\/fr\/"},{"@type":"ListItem","position":2,"name":"D&#8217;accueil"}]},{"@type":"WebSite","@id":"https:\/\/pendopharm-gi.com\/fr\/#website","url":"https:\/\/pendopharm-gi.com\/fr\/","name":"Pendopharm G.I. Solutions","description":"","publisher":{"@id":"https:\/\/pendopharm-gi.com\/fr\/#organization"},"potentialAction":[{"@type":"SearchAction","target":{"@type":"EntryPoint","urlTemplate":"https:\/\/pendopharm-gi.com\/fr\/?s={search_term_string}"},"query-input":{"@type":"PropertyValueSpecification","valueRequired":true,"valueName":"search_term_string"}}],"inLanguage":"fr-FR"},{"@type":"Organization","@id":"https:\/\/pendopharm-gi.com\/fr\/#organization","name":"Pendopharm G.I. Solutions","url":"https:\/\/pendopharm-gi.com\/fr\/","logo":{"@type":"ImageObject","inLanguage":"fr-FR","@id":"https:\/\/pendopharm-gi.com\/fr\/#\/schema\/logo\/image\/","url":"https:\/\/pendopharm-gi.com\/wp-content\/uploads\/2018\/07\/Logo-header-other.png","contentUrl":"https:\/\/pendopharm-gi.com\/wp-content\/uploads\/2018\/07\/Logo-header-other.png","width":210,"height":50,"caption":"Pendopharm G.I. Solutions"},"image":{"@id":"https:\/\/pendopharm-gi.com\/fr\/#\/schema\/logo\/image\/"}}]}},"jetpack_sharing_enabled":true,"_links":{"self":[{"href":"https:\/\/pendopharm-gi.com\/fr\/wp-json\/wp\/v2\/pages\/1433","targetHints":{"allow":["GET"]}}],"collection":[{"href":"https:\/\/pendopharm-gi.com\/fr\/wp-json\/wp\/v2\/pages"}],"about":[{"href":"https:\/\/pendopharm-gi.com\/fr\/wp-json\/wp\/v2\/types\/page"}],"author":[{"embeddable":true,"href":"https:\/\/pendopharm-gi.com\/fr\/wp-json\/wp\/v2\/users\/10"}],"replies":[{"embeddable":true,"href":"https:\/\/pendopharm-gi.com\/fr\/wp-json\/wp\/v2\/comments?post=1433"}],"version-history":[{"count":55,"href":"https:\/\/pendopharm-gi.com\/fr\/wp-json\/wp\/v2\/pages\/1433\/revisions"}],"predecessor-version":[{"id":1959,"href":"https:\/\/pendopharm-gi.com\/fr\/wp-json\/wp\/v2\/pages\/1433\/revisions\/1959"}],"wp:attachment":[{"href":"https:\/\/pendopharm-gi.com\/fr\/wp-json\/wp\/v2\/media?parent=1433"}],"curies":[{"name":"wp","href":"https:\/\/api.w.org\/{rel}","templated":true}]}}